{"id":60,"date":"2010-11-21T13:26:07","date_gmt":"2010-11-21T11:26:07","guid":{"rendered":"http:\/\/www.wolfgang-barina.de\/bdh\/?page_id=60"},"modified":"2026-03-16T11:02:34","modified_gmt":"2026-03-16T09:02:34","slug":"wer-wie-was","status":"publish","type":"page","link":"https:\/\/www.wolfgang-barina.de\/bdh\/?page_id=60","title":{"rendered":"Mitmachen, Mitgestalten &#8211; F\u00f6rdern!"},"content":{"rendered":"<ul>\n<li>15. April: Probenstart<br \/>\n<strong>INTERRELIGI\u00d6SER CHOR FRANKFURT<\/strong><br \/>\nPsalm 92 und Sure 87<br \/>\n<a href=\"https:\/\/www.wolfgang-barina.de\/bdh\/?page_id=19417\">Mehr<\/a><\/li>\n<li>Mitglied werden!<br \/>\n<strong>F\u00d6RDERVEREINE<\/strong><br \/>\n<a href=\"https:\/\/www.wolfgang-barina.de\/bdh\/?page_id=17925\">Mehr<\/a><\/li>\n<li><strong>WER PROBT IN FRANKFURT GERADE WORAN?<\/strong><br \/>\nBei welchem Chor ist wann ein guter Zeitpunkt f\u00fcr einen Einstieg?<br \/>\n<a href=\"http:\/\/www.wolfgang-barina.de\/bdh\/?page_id=12801\">Mehr<\/a><\/li>\n<\/ul>\n","protected":false},"excerpt":{"rendered":"<p>15. April: Probenstart INTERRELIGI\u00d6SER CHOR FRANKFURT Psalm 92 und Sure 87 Mehr Mitglied werden! F\u00d6RDERVEREINE Mehr WER PROBT IN FRANKFURT GERADE WORAN? Bei welchem Chor ist wann ein guter Zeitpunkt f\u00fcr einen Einstieg? Mehr<\/p>\n","protected":false},"author":3,"featured_media":0,"parent":0,"menu_order":0,"comment_status":"closed","ping_status":"closed","template":"","meta":{"footnotes":""},"categories":[],"tags":[],"class_list":["post-60","page","type-page","status-publish","hentry"],"aioseo_notices":[],"_links":{"self":[{"href":"https:\/\/www.wolfgang-barina.de\/bdh\/index.php?rest_route=\/wp\/v2\/pages\/60"}],"collection":[{"href":"https:\/\/www.wolfgang-barina.de\/bdh\/index.php?rest_route=\/wp\/v2\/pages"}],"about":[{"href":"https:\/\/www.wolfgang-barina.de\/bdh\/index.php?rest_route=\/wp\/v2\/types\/page"}],"author":[{"embeddable":true,"href":"https:\/\/www.wolfgang-barina.de\/bdh\/index.php?rest_route=\/wp\/v2\/users\/3"}],"replies":[{"embeddable":true,"href":"https:\/\/www.wolfgang-barina.de\/bdh\/index.php?rest_route=%2Fwp%2Fv2%2Fcomments&post=60"}],"version-history":[{"count":23,"href":"https:\/\/www.wolfgang-barina.de\/bdh\/index.php?rest_route=\/wp\/v2\/pages\/60\/revisions"}],"predecessor-version":[{"id":19420,"href":"https:\/\/www.wolfgang-barina.de\/bdh\/index.php?rest_route=\/wp\/v2\/pages\/60\/revisions\/19420"}],"wp:attachment":[{"href":"https:\/\/www.wolfgang-barina.de\/bdh\/index.php?rest_route=%2Fwp%2Fv2%2Fmedia&parent=60"}],"wp:term":[{"taxonomy":"category","embeddable":true,"href":"https:\/\/www.wolfgang-barina.de\/bdh\/index.php?rest_route=%2Fwp%2Fv2%2Fcategories&post=60"},{"taxonomy":"post_tag","embeddable":true,"href":"https:\/\/www.wolfgang-barina.de\/bdh\/index.php?rest_route=%2Fwp%2Fv2%2Ftags&post=60"}],"curies":[{"name":"wp","href":"https:\/\/api.w.org\/{rel}","templated":true}]}}