{"id":551,"date":"2011-01-14T08:15:03","date_gmt":"2011-01-14T06:15:03","guid":{"rendered":"http:\/\/www.wolfgang-barina.de\/bdh\/?page_id=551"},"modified":"2025-11-01T10:56:40","modified_gmt":"2025-11-01T08:56:40","slug":"essen-und-trinken-einkaufen","status":"publish","type":"page","link":"https:\/\/www.wolfgang-barina.de\/bdh\/?page_id=551","title":{"rendered":"Essen und Trinken, Einkaufen"},"content":{"rendered":"<p><strong>Restaurants, Bistrots, Mittagstische<\/strong><\/p>\n<p>Frankfurt<\/p>\n<ul>\n<li><a href=\"http:\/\/www.cafe-groessenwahn.de\/\" target=\"_blank\" rel=\"noopener\">Caf\u00e9 Gr\u00f6\u00dfenwahn<\/a><\/li>\n<li><a href=\"https:\/\/www.cafe-libretto.de\" target=\"_blank\" rel=\"noopener\">Caf\u00e9 Libretto<\/a><\/li>\n<li><a href=\"http:\/\/cc-gallego.de\" target=\"_blank\" rel=\"noopener\">Centro Cultural Gallego<\/a><\/li>\n<li><a href=\"https:\/\/freitagskueche.de\" target=\"_blank\" rel=\"noopener\">Freitagsk\u00fcche<\/a><\/li>\n<li><a href=\"https:\/\/www.lucille-frankfurt.de\" target=\"_blank\" rel=\"noopener\">Lucille Kaffeehaus<\/a><\/li>\n<li>Back to the roots ???!!\n<ul>\n<li><a href=\"https:\/\/www.apfelwein-wagner.com\" target=\"_blank\" rel=\"noopener\">Apfelwein Wagner<\/a><\/li>\n<li><a href=\"https:\/\/www.zumgemaltenhaus.de\" target=\"_blank\" rel=\"noopener\">Zum Gemalten Haus<\/a><\/li>\n<\/ul>\n<\/li>\n<\/ul>\n<p>Unterwegs<\/p>\n<ul>\n<li><a href=\"https:\/\/www.rhein-hotel-bacharach.de\/?article_id=32&amp;clang=0&amp;gclid=EAIaIQobChMIyv_gnZmp_gIVfwYGAB1yNw24EAAYASAAEgK-tfD_BwE\" target=\"_blank\" rel=\"noopener\">St\u00fcbers Restaurant<\/a>, Rheinhotel Bacharach<\/li>\n<li><a href=\"http:\/\/www.goldenes-lamm-billingshausen.de\/\" target=\"_blank\" rel=\"noopener\">Goldenes Lamm<\/a>, Billingshausen\/Franken (bei Marktheidenfeld)<\/li>\n<li><a href=\"https:\/\/www.huber-wirt.de\" target=\"_blank\" rel=\"noopener\">Huberwirt<\/a>, Pleiskirchen\/Bayern<\/li>\n<\/ul>\n<p><strong>Kaffee und Kuchen<\/strong><\/p>\n<ul>\n<li><a href=\"https:\/\/konditorei-amendt.de\" target=\"_blank\" rel=\"noopener\">Konditorei Amendt<\/a><\/li>\n<li><a href=\"https:\/\/www.cafe-libretto.de\" target=\"_blank\" rel=\"noopener\">Caf\u00e9 Libretto<\/a><\/li>\n<\/ul>\n<p><strong>Einkaufen<\/strong><\/p>\n<ul>\n<li><a href=\"http:\/\/www.der-vogelsberger.de\/\" target=\"_blank\" rel=\"noopener\">Der Vogelsberger<\/a> (&#8222;Qualit\u00e4t vom Bauernhof auf\u00a03 Frankfurter Wochenm\u00e4rkten&#8220;)<\/li>\n<li><a href=\"http:\/\/www.frischeparadies.de\/?id=standorte&amp;action=frankfurt\" target=\"_blank\" rel=\"noopener\">Frischeparadies<\/a><\/li>\n<li><a href=\"https:\/\/haus-der-honigbiene.de\" target=\"_blank\" rel=\"noopener\">Haus der Honigbiene<\/a><\/li>\n<li><a href=\"http:\/\/www.huthaus-flair.de\" target=\"_blank\" rel=\"noopener\">Huthaus Flair<\/a><\/li>\n<li><a href=\"http:\/\/www.kleinmarkthalle.com\/\" target=\"_blank\" rel=\"noopener\">Kleinmarkthalle<\/a><\/li>\n<li><a href=\"http:\/\/www.offenbach.de\/offenbach\/themen\/unterwegs-in-offenbach\/tourismus-und-freizeit\/maerkte\/einrichtung\/wochenmarkt.html\" target=\"_blank\" rel=\"noopener\">Wochenmarkt in Offenbach<\/a><\/li>\n<li><a href=\"http:\/\/www.gewuerze-alsbach.de\" target=\"_blank\" rel=\"noopener\">Gew\u00fcrzhaus Alsbach<\/a><\/li>\n<li><a href=\"http:\/\/www.poalva.de\/\" target=\"_blank\" rel=\"noopener\">POALVA<\/a> &#8211; Spanische Getr\u00e4nke und Lebensmittel<\/li>\n<li><a href=\"http:\/\/www.me-ta.de\/\" target=\"_blank\" rel=\"noopener\">META<\/a> &#8211; Italienische Lebensmittel und Getr\u00e4nke<br \/>\nHanauer Landstr. \u00a0208-216, 60314\u00a0Frankfurt<\/li>\n<li><a href=\"http:\/\/www.venos.de\/\" target=\"_blank\" rel=\"noopener\">Venos GmbH <\/a>&#8211; Fisch und vieles(!) mehr<br \/>\nR\u00f6delheimer Landstra\u00dfe 75-85, 60487 Frankfurt (Industriehof)<\/li>\n<li><a href=\"https:\/\/www.scheck-in-center.de\/html\/content\/frankfurt_ostend.html\" target=\"_blank\" rel=\"noopener\">Scheck-in Center<\/a> (EDEKA), Frankfurt<\/li>\n<\/ul>\n<p><strong>Koch- und Backkurse<\/strong><\/p>\n<ul>\n<li><a href=\"http:\/\/www.andreaskitchen.de\/\" target=\"_blank\" rel=\"noopener\">Andrea&#8217;s Kitchen<\/a> (Oberursel)<\/li>\n<li><a href=\"http:\/\/www.helden-am-herd.de\/\" target=\"_blank\" rel=\"noopener\">Helden am Herd<\/a> (Offenbach)<\/li>\n<li><a href=\"http:\/\/www.slowfood.de\/frankfurt\" target=\"_blank\" rel=\"noopener\">Slowfood<\/a> (Frankfurt)<\/li>\n<li><a href=\"http:\/\/www.kuechenwerk.de\/\" target=\"_blank\" rel=\"noopener\">K\u00fcchenwerk<\/a> (Frankfurt)<\/li>\n<li><a href=\"http:\/\/www.gourmetconnect.de\/\" target=\"_blank\" rel=\"noopener\">Gourmet Connect<\/a><\/li>\n<li><a href=\"http:\/\/www.genussakademie.com\/\" target=\"_blank\" rel=\"noopener\">Genussakademie<\/a><\/li>\n<li><a href=\"http:\/\/www.goldenes-lamm-billingshausen.de\/\" target=\"_blank\" rel=\"noopener\">Goldenes Lamm <\/a>(Bilingshausen\/Franken)<\/li>\n<\/ul>\n<p><strong>Wein<\/strong><\/p>\n<ul>\n<li><a href=\"http:\/\/www.budimir.info\" target=\"_blank\" rel=\"noopener\">BUDIMIR<\/a>. Kroatische Weine und Feinkost (Bad Homburg)<\/li>\n<li><a href=\"http:\/\/www.weingut-lamberth.de\/\" target=\"_blank\" rel=\"noopener\">Weingut Carsten Lamberth<\/a> (Ludwigsh\u00f6he, Rheinhessen)<\/li>\n<li><a href=\"http:\/\/www.weinhalle-frankfurt.de\/\" target=\"_blank\" rel=\"noopener\">Weinhalle<\/a>, Weinhandlung am Merianplatz<\/li>\n<li><a href=\"http:\/\/www.weingut-muenzberg.de\/\" target=\"_blank\" rel=\"noopener\">Weingut M\u00fcnzberg<\/a> (Landau-Godramstein, S\u00fcdl. Weinstrasse)<\/li>\n<li><a href=\"http:\/\/www.pfaffmann-wein.de\/\" target=\"_blank\" rel=\"noopener\">Weingut Heinz Pfaffmann<\/a> (Landau-Walsheim, S\u00fcdl. Weinstrasse)<\/li>\n<li><a href=\"http:\/\/www.winzerhotel.com\/\" target=\"_blank\" rel=\"noopener\">Weingut Storr<\/a> (Alzey-Dautenheim, Rheinhessen)<\/li>\n<li><a href=\"http:\/\/www.weingut-may.de\" target=\"_blank\" rel=\"noopener\">Weingut Rudolf May<\/a> (Retzstadt\/Franken, n\u00f6rdlich von W\u00fcrzburg)<\/li>\n<li><a href=\"http:\/\/www.weingut-steinmann.de\/\" target=\"_blank\" rel=\"noopener\">Weingut Steinmann <\/a>(Sommerhausen\/Franken)<\/li>\n<li><a href=\"https:\/\/weingut-dr-kauer.de\" target=\"_blank\" rel=\"noopener\">Weingut Dr. Kauer \u2013 Biowein vom Mittelrhein<\/a><\/li>\n<\/ul>\n<p><strong>Befreundete Gesch\u00e4fte<\/strong><\/p>\n<ul>\n<li><a href=\"http:\/\/www.buecher-vorort.de\/\" target=\"_blank\" rel=\"noopener\">B\u00fccher vor Ort<\/a> (Bockenheim)<\/li>\n<\/ul>\n","protected":false},"excerpt":{"rendered":"<p>Restaurants, Bistrots, Mittagstische Frankfurt Caf\u00e9 Gr\u00f6\u00dfenwahn Caf\u00e9 Libretto Centro Cultural Gallego Freitagsk\u00fcche Lucille Kaffeehaus Back to the roots ???!! Apfelwein Wagner Zum Gemalten Haus Unterwegs St\u00fcbers Restaurant, Rheinhotel Bacharach Goldenes Lamm, Billingshausen\/Franken (bei Marktheidenfeld) Huberwirt, <a class=\"more-link\" href=\"https:\/\/www.wolfgang-barina.de\/bdh\/?page_id=551\">weiterlesen&#8230;<\/a><\/p>\n","protected":false},"author":3,"featured_media":0,"parent":451,"menu_order":12,"comment_status":"closed","ping_status":"closed","template":"","meta":{"footnotes":""},"categories":[],"tags":[],"class_list":["post-551","page","type-page","status-publish","hentry"],"aioseo_notices":[],"_links":{"self":[{"href":"https:\/\/www.wolfgang-barina.de\/bdh\/index.php?rest_route=\/wp\/v2\/pages\/551"}],"collection":[{"href":"https:\/\/www.wolfgang-barina.de\/bdh\/index.php?rest_route=\/wp\/v2\/pages"}],"about":[{"href":"https:\/\/www.wolfgang-barina.de\/bdh\/index.php?rest_route=\/wp\/v2\/types\/page"}],"author":[{"embeddable":true,"href":"https:\/\/www.wolfgang-barina.de\/bdh\/index.php?rest_route=\/wp\/v2\/users\/3"}],"replies":[{"embeddable":true,"href":"https:\/\/www.wolfgang-barina.de\/bdh\/index.php?rest_route=%2Fwp%2Fv2%2Fcomments&post=551"}],"version-history":[{"count":23,"href":"https:\/\/www.wolfgang-barina.de\/bdh\/index.php?rest_route=\/wp\/v2\/pages\/551\/revisions"}],"predecessor-version":[{"id":18694,"href":"https:\/\/www.wolfgang-barina.de\/bdh\/index.php?rest_route=\/wp\/v2\/pages\/551\/revisions\/18694"}],"up":[{"embeddable":true,"href":"https:\/\/www.wolfgang-barina.de\/bdh\/index.php?rest_route=\/wp\/v2\/pages\/451"}],"wp:attachment":[{"href":"https:\/\/www.wolfgang-barina.de\/bdh\/index.php?rest_route=%2Fwp%2Fv2%2Fmedia&parent=551"}],"wp:term":[{"taxonomy":"category","embeddable":true,"href":"https:\/\/www.wolfgang-barina.de\/bdh\/index.php?rest_route=%2Fwp%2Fv2%2Fcategories&post=551"},{"taxonomy":"post_tag","embeddable":true,"href":"https:\/\/www.wolfgang-barina.de\/bdh\/index.php?rest_route=%2Fwp%2Fv2%2Ftags&post=551"}],"curies":[{"name":"wp","href":"https:\/\/api.w.org\/{rel}","templated":true}]}}