{"id":520,"date":"2011-01-14T07:31:28","date_gmt":"2011-01-14T06:31:28","guid":{"rendered":"http:\/\/www.wolfgang-barina.de\/bdh\/?page_id=520"},"modified":"2025-11-13T21:54:54","modified_gmt":"2025-11-13T19:54:54","slug":"chore","status":"publish","type":"page","link":"https:\/\/www.wolfgang-barina.de\/bdh\/?page_id=520","title":{"rendered":"Ch\u00f6re"},"content":{"rendered":"<pre>Neue website\r\n<strong>WER PROBT IN FRANKFURT GERADE WORAN?<\/strong>\r\nBei welchem Chor ist wann ein guter Zeitpunkt f\u00fcr einen Einstieg?\r\n<a href=\"http:\/\/www.wolfgang-barina.de\/bdh\/?p=9000\">Mehr<\/a><\/pre>\n<p><strong>Ch\u00f6re in und um Frankfurt<br \/>\n<\/strong>(Auswahl in alphabetischer Reihenfolge)<\/p>\n<ul>\n<li><a href=\"http:\/\/www.saengerkreis-frankfurt.de\/\" target=\"_blank\" rel=\"noopener\">S\u00e4ngerkreis Frankfurt<\/a><\/li>\n<li>Barbershop-Chor <a href=\"http:\/\/www.frankfurt-barbershop-project.de\/\" target=\"_blank\" rel=\"noopener\">Aftershave<\/a><\/li>\n<li>Vokalensemble <a href=\"http:\/\/www.edmundbrownless.de\/altamusica\/altamusica.html\" target=\"_blank\" rel=\"noopener\">Alta Musica<\/a><\/li>\n<li>Vokalensemble <a href=\"http:\/\/www.auditenova.de\" target=\"_blank\" rel=\"noopener\">Audite Nova<\/a><\/li>\n<li><a href=\"http:\/\/www.birdstalk.de\/\" target=\"_blank\" rel=\"noopener\">Bird&#8217;s Talk<\/a><\/li>\n<li><a href=\"http:\/\/www.choralle-frauenchor.de\/\" target=\"_blank\" rel=\"noopener\">Choralle <\/a>(Frankfurts erster gemischter Frauenchor)<\/li>\n<li><a href=\"http:\/\/frankfurt.cervantes.es\/de\/kultur_spanisch\/chor.htm\" target=\"_blank\" rel=\"noopener\">Chor des Instituto Cervantes Frankfurt<\/a><\/li>\n<li><a href=\"http:\/\/www.der-chor-frankfurt.de\/\" target=\"_blank\" rel=\"noopener\">Der Chor Frankfurt<\/a><\/li>\n<li><a href=\"http:\/\/www.die-dissonanten-tanten.de\/\" target=\"_blank\" rel=\"noopener\">Die Dissonanten Tanten<\/a><\/li>\n<li><a href=\"http:\/\/www.donnacappella.de\/\" target=\"_blank\" rel=\"noopener\">Donna Capella<\/a><\/li>\n<li><a href=\"https:\/\/elektravokal.com\" target=\"_blank\" rel=\"noopener\">ElektraVokal<\/a> (Frankfurter Frauenchor)<\/li>\n<li><a href=\"http:\/\/www.chor-lesperance.de\/\" target=\"_blank\" rel=\"noopener\">L&#8217;esp\u00e9rance<\/a><\/li>\n<li><a href=\"http:\/\/www.expression88.de\/\" target=\"_blank\" rel=\"noopener\">Expression 88<\/a><\/li>\n<li><a href=\"https:\/\/jared-ice.com\/frankfurtenglishchoir\" target=\"_blank\" rel=\"noopener\">Frankfurt English Choir<\/a><\/li>\n<li><a href=\"http:\/\/www.frankfurterkantorei.de\/\" target=\"_blank\" rel=\"noopener\">Frankfurter Kantorei<\/a><\/li>\n<li><a href=\"http:\/\/frankfurter-singakademie.de\/\" target=\"_blank\" rel=\"noopener\">Frankfurter Singakademie<\/a><\/li>\n<li><a href=\"https:\/\/www.frankfurter-singgemeinschaft.de\/\" target=\"_blank\" rel=\"noopener\">Frankfurter Singgemeinschaft<\/a><\/li>\n<li><a href=\"http:\/\/www.gacc-frankfurt.de\/\" target=\"_blank\" rel=\"noopener\">German-American Community Choir<\/a><\/li>\n<li><a href=\"https:\/\/www.singen-in-frankfurt.de\" target=\"_blank\" rel=\"noopener\">HeartBEAT Event-Pop-Chor<\/a><\/li>\n<li><a href=\"http:\/\/heinrich-heine-chor.de\/\" target=\"_blank\" rel=\"noopener\">Heinrich-Heine-Chor Frankfurt<\/a><\/li>\n<li><a href=\"http:\/\/www.internationalchoir.de\/\" target=\"_blank\" rel=\"noopener\">International Choir Frankfurt<\/a><\/li>\n<li><a href=\"https:\/\/jazzchor-ffm.de\" target=\"_blank\" rel=\"noopener\">Jazzchor Frankfurt-West<\/a><\/li>\n<li><a href=\"http:\/\/www.junge-kantorei.de\/\" target=\"_blank\" rel=\"noopener\">Junge Kantorei<\/a><\/li>\n<li><a href=\"https:\/\/jg-frankfurt.de\/\" target=\"_blank\" rel=\"noopener\">Just Gospel Frankfurt<\/a><\/li>\n<li><a href=\"https:\/\/www.kammerchor-rhein-main.de\" target=\"_blank\" rel=\"noopener\">Kammerchor Rhein-Main<\/a><\/li>\n<li><a href=\"http:\/\/www.liederliche-lesben-ffm.de\/\" target=\"_blank\" rel=\"noopener\">Liederliche Lesben<\/a><\/li>\n<li><a href=\"https:\/\/lh-chor.de\" target=\"_blank\" rel=\"noopener\">Lufthansa Konzertchor<\/a><\/li>\n<li><a href=\"http:\/\/www.mainsirenen.de\/\" target=\"_blank\" rel=\"noopener\">Die Mainsirenen<\/a><\/li>\n<li><a href=\"http:\/\/www.motettenchor-frankfurt.de\/\" target=\"_blank\" rel=\"noopener\">Motettenchor Frankfurt<\/a><\/li>\n<li><a href=\"http:\/\/www.orfeo-chor.de\/\" target=\"_blank\" rel=\"noopener\">Orfeo Chor<\/a><\/li>\n<li>Frankfurter Jazzchor <a href=\"http:\/\/www.frankfurter-jazzchor-otoene.de\/\" target=\"_blank\" rel=\"noopener\">O-T\u00f6ne<\/a><\/li>\n<li><a href=\"http:\/\/www.polyhymnia.de\/Kuenstler\/Polyhymnia\/PolyhymnianHarmonists\/polyhymnianharmonists.html\" target=\"_blank\" rel=\"noopener\">Polyhymnian Harmonists<\/a><\/li>\n<li><a href=\"http:\/\/www.myspace.com\/pressestimmen\/\" target=\"_blank\" rel=\"noopener\">Pressestimmen<\/a> (Chor der FAZ)<\/li>\n<li><a href=\"https:\/\/frankfurt-rhein-main.dgb.de\/ueber-uns\/dgb-chor\" target=\"_blank\" rel=\"noopener\">Provokale Frankfurt<\/a> (DGB-Chor)<\/li>\n<li>Vokalensemble <a href=\"https:\/\/quarantoene.com\" target=\"_blank\" rel=\"noopener\">Quarant\u00f6ne<\/a><\/li>\n<li><a href=\"http:\/\/www.randalevocale.de\/\" target=\"_blank\" rel=\"noopener\">Randale Vocale<\/a><\/li>\n<li><a href=\"https:\/\/www.regenbogenchor.org\/\" target=\"_blank\" rel=\"noopener\">Regenbogenchor Bad Nauheim<\/a><\/li>\n<li><a href=\"http:\/\/www.rhein-main-vokalisten.de\/\" target=\"_blank\" rel=\"noopener\">Rhein-Main-Vokalisten<\/a><\/li>\n<li><a href=\"http:\/\/www.rheinmainensemble.de\/\" target=\"_blank\" rel=\"noopener\">Rhein Main Ensemble<\/a><\/li>\n<li><a href=\"http:\/\/www.chor-singnswing.de\/\" target=\"_blank\" rel=\"noopener\">Sing&#8217;n&#8217;Swing<\/a><\/li>\n<li><a href=\"http:\/\/www.soundsation.de\/\" target=\"_blank\" rel=\"noopener\">Soundsation<\/a><\/li>\n<li><a href=\"https:\/\/evgemeindebockenheim.de\/musik\/st-jacobs-gospel-singers\" target=\"_blank\" rel=\"noopener\">St. Jacob\u2019s Gospel Singers<\/a><\/li>\n<li><a href=\"http:\/\/www.swenskton.de\/\" target=\"_blank\" rel=\"noopener\">Swensk Ton<\/a><\/li>\n<li><a href=\"http:\/\/www.vielharmoniechor.de\/\" target=\"_blank\" rel=\"noopener\">Vielharmonie Sachsenhausen<\/a><\/li>\n<li><a href=\"http:\/\/www.vocalis-frankfurt.de\/\" target=\"_blank\" rel=\"noopener\">Vocalis Frankfurt<\/a><\/li>\n<li><a href=\"https:\/\/chor-zwischentoene.de\/\" target=\"_blank\" rel=\"noopener\">zwischenT\u00f6ne (Bad Vilbel)<\/a><\/li>\n<\/ul>\n","protected":false},"excerpt":{"rendered":"<p>Neue website WER PROBT IN FRANKFURT GERADE WORAN? Bei welchem Chor ist wann ein guter Zeitpunkt f\u00fcr einen Einstieg? Mehr Ch\u00f6re in und um Frankfurt (Auswahl in alphabetischer Reihenfolge) S\u00e4ngerkreis Frankfurt Barbershop-Chor Aftershave Vokalensemble Alta <a class=\"more-link\" href=\"https:\/\/www.wolfgang-barina.de\/bdh\/?page_id=520\">weiterlesen&#8230;<\/a><\/p>\n","protected":false},"author":3,"featured_media":0,"parent":509,"menu_order":2,"comment_status":"closed","ping_status":"closed","template":"","meta":{"footnotes":""},"categories":[],"tags":[],"class_list":["post-520","page","type-page","status-publish","hentry"],"aioseo_notices":[],"_links":{"self":[{"href":"https:\/\/www.wolfgang-barina.de\/bdh\/index.php?rest_route=\/wp\/v2\/pages\/520"}],"collection":[{"href":"https:\/\/www.wolfgang-barina.de\/bdh\/index.php?rest_route=\/wp\/v2\/pages"}],"about":[{"href":"https:\/\/www.wolfgang-barina.de\/bdh\/index.php?rest_route=\/wp\/v2\/types\/page"}],"author":[{"embeddable":true,"href":"https:\/\/www.wolfgang-barina.de\/bdh\/index.php?rest_route=\/wp\/v2\/users\/3"}],"replies":[{"embeddable":true,"href":"https:\/\/www.wolfgang-barina.de\/bdh\/index.php?rest_route=%2Fwp%2Fv2%2Fcomments&post=520"}],"version-history":[{"count":18,"href":"https:\/\/www.wolfgang-barina.de\/bdh\/index.php?rest_route=\/wp\/v2\/pages\/520\/revisions"}],"predecessor-version":[{"id":18744,"href":"https:\/\/www.wolfgang-barina.de\/bdh\/index.php?rest_route=\/wp\/v2\/pages\/520\/revisions\/18744"}],"up":[{"embeddable":true,"href":"https:\/\/www.wolfgang-barina.de\/bdh\/index.php?rest_route=\/wp\/v2\/pages\/509"}],"wp:attachment":[{"href":"https:\/\/www.wolfgang-barina.de\/bdh\/index.php?rest_route=%2Fwp%2Fv2%2Fmedia&parent=520"}],"wp:term":[{"taxonomy":"category","embeddable":true,"href":"https:\/\/www.wolfgang-barina.de\/bdh\/index.php?rest_route=%2Fwp%2Fv2%2Fcategories&post=520"},{"taxonomy":"post_tag","embeddable":true,"href":"https:\/\/www.wolfgang-barina.de\/bdh\/index.php?rest_route=%2Fwp%2Fv2%2Ftags&post=520"}],"curies":[{"name":"wp","href":"https:\/\/api.w.org\/{rel}","templated":true}]}}