{"id":478,"date":"2011-01-10T20:41:54","date_gmt":"2011-01-10T18:41:54","guid":{"rendered":"http:\/\/www.wolfgang-barina.de\/bdh\/?page_id=478"},"modified":"2024-06-08T07:55:41","modified_gmt":"2024-06-08T05:55:41","slug":"kunst","status":"publish","type":"page","link":"https:\/\/www.wolfgang-barina.de\/bdh\/?page_id=478","title":{"rendered":"Bildende Kunst"},"content":{"rendered":"<p><strong>Museen, Galerien, Ausstellungr\u00e4ume, Vortr\u00e4ge, Ausbildung<\/strong><\/p>\n<ul>\n<li><a href=\"http:\/\/www.ausstellungshalle.info\/\" target=\"_blank\" rel=\"noopener noreferrer\">Ausstellunghalle Schulstra\u00dfe 1a<\/a><\/li>\n<li><a href=\"http:\/\/www.caricatura-museum.de\/\" target=\"_blank\" rel=\"noopener noreferrer\">Caricatura Museum Frankfurt<\/a><\/li>\n<li><a href=\"http:\/\/www.cellini-gesellschaft.de\/\" target=\"_blank\" rel=\"noopener noreferrer\">Cellini-Gesellschaft<\/a><\/li>\n<li><a href=\"http:\/\/www.denkbar-frankfurt.de\/\" target=\"_blank\" rel=\"noopener noreferrer\">Denkbar Frankfurt<\/a><\/li>\n<li><a href=\"http:\/\/www.freie-kunstakademie-frankfurt.de\/\" target=\"_blank\" rel=\"noopener noreferrer\">Freie Kunstakademie Frankfurt<\/a><\/li>\n<li><a href=\"http:\/\/www.rma.de\/kultur\/buehnen\/eschborn-k.htm\" target=\"_blank\" rel=\"noopener noreferrer\">Eschborn K<\/a>\u00a0(Eschborn)<\/li>\n<li>Ausstellungsraum\u00a0<a href=\"http:\/\/www.eulengasse.de\/\" target=\"_blank\" rel=\"noopener noreferrer\">EULENGASSE<\/a><\/li>\n<li><a href=\"http:\/\/www.roemer9.de\/\" target=\"_blank\" rel=\"noopener noreferrer\">Evangelische Stadtakademie Frankfurt (R\u00f6mer9)<\/a><\/li>\n<li><a href=\"http:\/\/www.galerie-zement.de\/\" target=\"_blank\" rel=\"noopener noreferrer\">Galerie Zement<\/a><\/li>\n<li><a href=\"http:\/\/www.gallustheater.de\/\" target=\"_blank\" rel=\"noopener noreferrer\">Gallus-Theater<\/a><\/li>\n<li><a href=\"http:\/\/www.museum-giersch.de\/\" target=\"_blank\" rel=\"noopener noreferrer\">Haus Giersch &#8211; Museum Regionaler Kunst<\/a><\/li>\n<li><a href=\"http:\/\/www.hugenottenhalle.de\/\" target=\"_blank\" rel=\"noopener noreferrer\">Hugenottenhalle<\/a> (Neu-Isenburg)<\/li>\n<li><a href=\"http:\/\/www.juedischesmuseum.de\/\" target=\"_blank\" rel=\"noopener noreferrer\">J\u00fcdisches Museum<\/a><\/li>\n<li><a href=\"http:\/\/www.klosterpresse.de\/\" target=\"_blank\" rel=\"noopener noreferrer\">Klosterpresse e.V.<\/a><\/li>\n<li><a href=\"http:\/\/www.kunst.uni-frankfurt.de\/\" target=\"_blank\" rel=\"noopener noreferrer\">Kunstgeschichtliches Institut\u00a0 Frankfurt\/Main<\/a><\/li>\n<li><a href=\"http:\/\/www.kunstkontakt-frankfurt.de\/\" target=\"_blank\" rel=\"noopener noreferrer\">kunstkontakt\u00a0 frankfurt<\/a>\u00a0(&#8230;begleitet Sie zur Kunst und Kultur&#8230;)<\/li>\n<li><a href=\"http:\/\/www.etoile-frankfurt.de\/kunst-im-bahnhof.html\" target=\"_blank\" rel=\"noopener noreferrer\">Kunstraum Bahnhof Mainkur<\/a><\/li>\n<li><a href=\"http:\/\/www.mdw.frankfurt.de\/\" target=\"_blank\" rel=\"noopener noreferrer\">Museum der Weltkulturen\/Galerie 37<\/a><\/li>\n<li><a href=\"http:\/\/www.mmk-frankfurt.de\/\" target=\"_blank\" rel=\"noopener noreferrer\">Museum f\u00fcr Moderne Kunst<\/a><\/li>\n<li><a href=\"http:\/\/www.frankfurter-kuenstlerclub.de\/veranstaltungen.html\" target=\"_blank\" rel=\"noopener noreferrer\">Nebbien&#8217;sches Gartenhaus<\/a><\/li>\n<li><a href=\"http:\/\/www.opelvillen.de\/\" target=\"_blank\" rel=\"noopener noreferrer\">Opelvillen<\/a> (R\u00fcsselsheim)<\/li>\n<li><a href=\"http:\/\/www.projekthaus-leistikow.de\/\" target=\"_blank\" rel=\"noopener noreferrer\">projektHaus Leistikow<\/a><\/li>\n<li><a href=\"http:\/\/www.portikus.de\/\" target=\"_blank\" rel=\"noopener noreferrer\">Portikus<\/a><\/li>\n<li><a href=\"http:\/\/www.schirn-kunsthalle.de\/\" target=\"_blank\" rel=\"noopener noreferrer\">Schirn Kunsthalle<\/a><\/li>\n<li><a href=\"http:\/\/www.staedelmuseum.de\/\" target=\"_blank\" rel=\"noopener noreferrer\">St\u00e4del<\/a><\/li>\n<\/ul>\n<p>Weitere <a href=\"http:\/\/www.kultur-frankfurt.de\/portal\/de\/Museen\/Start\/0\/0\/0\/0\/3.aspx\" target=\"_blank\" rel=\"noopener noreferrer\">Museen<\/a> in Fankfurt<\/p>\n","protected":false},"excerpt":{"rendered":"<p>Museen, Galerien, Ausstellungr\u00e4ume, Vortr\u00e4ge, Ausbildung Ausstellunghalle Schulstra\u00dfe 1a Caricatura Museum Frankfurt Cellini-Gesellschaft Denkbar Frankfurt Freie Kunstakademie Frankfurt Eschborn K\u00a0(Eschborn) Ausstellungsraum\u00a0EULENGASSE Evangelische Stadtakademie Frankfurt (R\u00f6mer9) Galerie Zement Gallus-Theater Haus Giersch &#8211; Museum Regionaler Kunst Hugenottenhalle (Neu-Isenburg) <a class=\"more-link\" href=\"https:\/\/www.wolfgang-barina.de\/bdh\/?page_id=478\">weiterlesen&#8230;<\/a><\/p>\n","protected":false},"author":3,"featured_media":0,"parent":451,"menu_order":2,"comment_status":"closed","ping_status":"closed","template":"","meta":{"footnotes":""},"categories":[],"tags":[],"class_list":["post-478","page","type-page","status-publish","hentry"],"aioseo_notices":[],"_links":{"self":[{"href":"https:\/\/www.wolfgang-barina.de\/bdh\/index.php?rest_route=\/wp\/v2\/pages\/478"}],"collection":[{"href":"https:\/\/www.wolfgang-barina.de\/bdh\/index.php?rest_route=\/wp\/v2\/pages"}],"about":[{"href":"https:\/\/www.wolfgang-barina.de\/bdh\/index.php?rest_route=\/wp\/v2\/types\/page"}],"author":[{"embeddable":true,"href":"https:\/\/www.wolfgang-barina.de\/bdh\/index.php?rest_route=\/wp\/v2\/users\/3"}],"replies":[{"embeddable":true,"href":"https:\/\/www.wolfgang-barina.de\/bdh\/index.php?rest_route=%2Fwp%2Fv2%2Fcomments&post=478"}],"version-history":[{"count":3,"href":"https:\/\/www.wolfgang-barina.de\/bdh\/index.php?rest_route=\/wp\/v2\/pages\/478\/revisions"}],"predecessor-version":[{"id":15444,"href":"https:\/\/www.wolfgang-barina.de\/bdh\/index.php?rest_route=\/wp\/v2\/pages\/478\/revisions\/15444"}],"up":[{"embeddable":true,"href":"https:\/\/www.wolfgang-barina.de\/bdh\/index.php?rest_route=\/wp\/v2\/pages\/451"}],"wp:attachment":[{"href":"https:\/\/www.wolfgang-barina.de\/bdh\/index.php?rest_route=%2Fwp%2Fv2%2Fmedia&parent=478"}],"wp:term":[{"taxonomy":"category","embeddable":true,"href":"https:\/\/www.wolfgang-barina.de\/bdh\/index.php?rest_route=%2Fwp%2Fv2%2Fcategories&post=478"},{"taxonomy":"post_tag","embeddable":true,"href":"https:\/\/www.wolfgang-barina.de\/bdh\/index.php?rest_route=%2Fwp%2Fv2%2Ftags&post=478"}],"curies":[{"name":"wp","href":"https:\/\/api.w.org\/{rel}","templated":true}]}}