{"id":455,"date":"2011-01-10T19:51:45","date_gmt":"2011-01-10T18:51:45","guid":{"rendered":"http:\/\/www.wolfgang-barina.de\/bdh\/?page_id=455"},"modified":"2025-12-10T12:40:04","modified_gmt":"2025-12-10T10:40:04","slug":"veranstaltungsorte-musik-theater","status":"publish","type":"page","link":"https:\/\/www.wolfgang-barina.de\/bdh\/?page_id=455","title":{"rendered":"Veranstaltungsorte, Veranstalter, Initiativen"},"content":{"rendered":"<p>&nbsp;<\/p>\n<p>(&#8230; Musik)<\/p>\n<ul>\n<li><a href=\"http:\/\/www.alteoper.de\/\" target=\"_blank\" rel=\"noopener noreferrer\">Alte Oper<\/a><\/li>\n<li><a href=\"http:\/\/www.archiv-frau-musik.de\/\" target=\"_blank\" rel=\"noopener noreferrer\">Archiv Frau und Musik<\/a><\/li>\n<li><a href=\"https:\/\/baroquelab-frankfurt.com\" target=\"_blank\" rel=\"noopener\">BaroqueLAB Frankfurt<\/a><\/li>\n<li><a href=\"http:\/\/www.batschkapp.de\/\" target=\"_blank\" rel=\"noopener noreferrer\">Batschkapp<\/a><\/li>\n<li><a href=\"http:\/\/www.knabenschule.de\/\" target=\"_blank\" rel=\"noopener noreferrer\">Bessunger Knabenschule<\/a> (Darmstadt)<\/li>\n<li>Das <a href=\"http:\/\/www.bett-club.de\/\" target=\"_blank\" rel=\"noopener noreferrer\">Bett<\/a><\/li>\n<li><a href=\"http:\/\/www.theateratelier.info\/\" target=\"_blank\" rel=\"noopener noreferrer\">Bleichstr. 14 H<\/a>\u00a0(Offenbach)<\/li>\n<li><a href=\"https:\/\/bridges-kammerorchester.de\" target=\"_blank\" rel=\"noopener\">Bridges Kammerorchester<\/a><\/li>\n<li><a href=\"http:\/\/www.buergerhaeuser-dreieich.de\/\" target=\"_blank\" rel=\"noopener noreferrer\">B\u00fcrgerh\u00e4user Dreieich<\/a><\/li>\n<li><a href=\"http:\/\/www.brotfabrik.de\/\" target=\"_blank\" rel=\"noopener noreferrer\">Brotfabrik<\/a><\/li>\n<li><a href=\"http:\/\/www.centralstation-darmstadt.de\/\" target=\"_blank\" rel=\"noopener noreferrer\">Centralstation<\/a>\u00a0(Darmstadt)<\/li>\n<li><a href=\"http:\/\/www.clavier-am-main.de\/\" target=\"_blank\" rel=\"noopener noreferrer\">Clavier am Main<\/a><\/li>\n<li><a href=\"http:\/\/www.colos-saal.de\/\" target=\"_blank\" rel=\"noopener noreferrer\">Colos-Saal<\/a> (Aschaffenburg)<\/li>\n<li><a href=\"http:\/\/www.english-theatre.org\/\" target=\"_blank\" rel=\"noopener noreferrer\">English Theatre Frankfurt<\/a><\/li>\n<li><a href=\"http:\/\/www.e9n.de\/\" target=\"_blank\" rel=\"noopener noreferrer\">Ensemble 9. November<\/a><\/li>\n<li><a href=\"http:\/\/www.ensemble-modern.com\/\" target=\"_blank\" rel=\"noopener noreferrer\">Ensemble Modern<\/a><\/li>\n<li><a href=\"http:\/\/www.rma.de\/kultur\/buehnen\/eschborn-k.htm\" target=\"_blank\" rel=\"noopener noreferrer\">Eschborn K<\/a> (Eschborn)<\/li>\n<li><a href=\"http:\/\/www.frankfurtartbar.de\/\" target=\"_blank\" rel=\"noopener noreferrer\">FAB Frankfurt Art Bar<\/a><\/li>\n<li>Die <a href=\"http:\/\/www.die-fabrik-frankfurt.de\/\" target=\"_blank\" rel=\"noopener noreferrer\">Fabrik e.V. (Sachsenhausen)<\/a><\/li>\n<li><a href=\"http:\/\/www.festeburg.com\/\" target=\"_blank\" rel=\"noopener noreferrer\">Festeburgkirche (Konzertkalender)<\/a><\/li>\n<li><a href=\"http:\/\/www.fliegendevolksbuehne.de\/\" target=\"_blank\" rel=\"noopener noreferrer\">Fliegende Volksb\u00fchne Frankfurt Rhein-Main<\/a><\/li>\n<li><a href=\"http:\/\/www.fgnm.de\/\" target=\"_blank\" rel=\"noopener noreferrer\">frankfurter gesellschaft f\u00fcr neue musik<\/a><\/li>\n<li><a href=\"http:\/\/www.domkonzerte.de\/\" target=\"_blank\" rel=\"noopener noreferrer\">Frankfurter Domkonzerte<\/a><\/li>\n<li><a href=\"http:\/\/frankfurter-hof.mainz-online.de\/\" target=\"_blank\" rel=\"noopener noreferrer\">Frankfurter Hof<\/a> (Mainz)<\/li>\n<li><a href=\"https:\/\/www.galerieoberursel.de\" target=\"_blank\" rel=\"noopener\">Die Galerie. Raum f\u00fcr Musik<\/a> (Oberursel)<\/li>\n<li><a href=\"http:\/\/www.gallustheater.de\/\" target=\"_blank\" rel=\"noopener noreferrer\">Gallus-Theater<\/a><\/li>\n<li><a href=\"http:\/\/www.goldene-krone.de\/\" target=\"_blank\" rel=\"noopener noreferrer\">Goldene Krone<\/a> (Darmstadt)<\/li>\n<li><a href=\"https:\/\/www.habel-elf.com\/\" target=\"_blank\" rel=\"noopener\">habel.elf<\/a><\/li>\n<li><a href=\"http:\/\/www.hausderchoere.de\/\" target=\"_blank\" rel=\"noopener noreferrer\">Haus der Ch\u00f6re<\/a> (Kurt Thomas Haus)<\/li>\n<li><a href=\"http:\/\/heinrich-heine-club.de\/\" target=\"_blank\" rel=\"noopener noreferrer\">Heinrich-Heine-Club Offenbach<\/a><\/li>\n<li><a href=\"http:\/\/www.hindemith.info\/kabinett\/\" target=\"_blank\" rel=\"noopener noreferrer\">Hindemith Kabinett im Kuhhirtenturm<\/a><\/li>\n<li><a href=\"http:\/\/www.hfmdk-frankfurt.de\/\" target=\"_blank\" rel=\"noopener noreferrer\">Hochschule f\u00fcr Musik und Darstellende Kunst<\/a><\/li>\n<li><a href=\"http:\/\/www.hoechst-musikalisch.de\/\" target=\"_blank\" rel=\"noopener noreferrer\">H\u00f6chst musikalisch &#8211; Musik f\u00fcr Spazierg\u00e4nger<\/a><\/li>\n<li><a href=\"http:\/\/www.hugenottenhalle.de\/\" target=\"_blank\" rel=\"noopener noreferrer\">Hugenottenhalle<\/a> (Neu-Isenburg)<\/li>\n<li><a href=\"http:\/\/interkulturelle-buehne.de\/\" target=\"_blank\" rel=\"noopener noreferrer\">Interkulturelle B\u00fchne<\/a><\/li>\n<li><a href=\"http:\/\/www.internationales-theater.de\/\" target=\"_blank\" rel=\"noopener noreferrer\">Internationales Theater Frankfurt<\/a><\/li>\n<li><a href=\"http:\/\/frankfurt.cervantes.es\/\" target=\"_blank\" rel=\"noopener noreferrer\">Instituto Cervantes Frankfurt<\/a><\/li>\n<li><a href=\"http:\/\/www.jazz-ev-of.de\/\" target=\"_blank\" rel=\"noopener noreferrer\">Jazz e.V. Offenbach<\/a><\/li>\n<li><a href=\"http:\/\/www.jazzkeller.com\/\" target=\"_blank\" rel=\"noopener noreferrer\">Jazzkeller Frankfurt<\/a><\/li>\n<li><a href=\"http:\/\/www.jazzkeller-hofheim.de\/\" target=\"_blank\" rel=\"noopener noreferrer\">Jazzkeller Hofheim<\/a><\/li>\n<li><a href=\"http:\/\/www.kammeroper-frankfurt.de\/\" target=\"_blank\" rel=\"noopener noreferrer\">Kammeroper Frankfurt<\/a><\/li>\n<li>Musik in St. <a href=\"http:\/\/www.stk-musik.de\/\" target=\"_blank\" rel=\"noopener noreferrer\">Katharinen<\/a><\/li>\n<li><a href=\"http:\/\/www.kirchenmusik-offenbach.de\" target=\"_blank\" rel=\"noopener noreferrer\">Kirchenmusik in Offenbach<\/a><\/li>\n<li><a href=\"http:\/\/www.klosterpresse.de\/\" target=\"_blank\" rel=\"noopener noreferrer\">Klosterpresse e.V. im Paradieshof<\/a><\/li>\n<li>Dr. Hoch&#8217;s <a href=\"http:\/\/www.dr-hochs.de\/indexkon.htm\" target=\"_blank\" rel=\"noopener noreferrer\">Konservatorium\/Musikakademie Frankfurt am Main<\/a><\/li>\n<li><a href=\"https:\/\/www.kronbergacademy.de\" target=\"_blank\" rel=\"noopener\">Kronberg Academy und Casals Forum<\/a><\/li>\n<li><a href=\"http:\/\/www.kultur-im-ghetto.de\/\" target=\"_blank\" rel=\"noopener noreferrer\">Kultur im Ghetto<\/a><\/li>\n<li><a href=\"https:\/\/www.kulturhaus-frankfurt.de\" target=\"_blank\" rel=\"noopener\">Kulturhaus Frankfurt<\/a><\/li>\n<li><a href=\"http:\/\/www.waggong.de\/\" target=\"_blank\" rel=\"noopener noreferrer\">Kulturwerkstatt Germaniastra\u00dfe<\/a><\/li>\n<li><a href=\"http:\/\/www.liederbacher-jazzclub.de\/\" target=\"_blank\" rel=\"noopener noreferrer\">Liederbacher Jazzclub<\/a><\/li>\n<li><a href=\"https:\/\/momem.org\" target=\"_blank\" rel=\"noopener\">MOMEM<\/a> &#8211; Museum Of Modern Electronic Music<\/li>\n<li><a href=\"http:\/\/www.mousonturm.de\/\" target=\"_blank\" rel=\"noopener noreferrer\">Mousonturm<\/a><\/li>\n<li><a href=\"http:\/\/www.musica-plus.com\/\" target=\"_blank\" rel=\"noopener noreferrer\">MUSICA+<\/a><\/li>\n<li><a href=\"http:\/\/www.musiklehrernetzwerk.de\/mnwlive.htm\" target=\"_blank\" rel=\"noopener noreferrer\">Musiklehrernetzwerk Wiesbaden<\/a> (Veranstaltungen)<\/li>\n<li><a href=\"http:\/\/www.frankfurter-kuenstlerclub.de\/veranstaltungen.html\" target=\"_blank\" rel=\"noopener noreferrer\">Nebbien&#8217;sches Gartenhaus<\/a><\/li>\n<li><a href=\"http:\/\/www.neues-theater.de\/\" target=\"_blank\" rel=\"noopener noreferrer\">Neues Theater H\u00f6chst<\/a><\/li>\n<li><a href=\"http:\/\/www.oper-frankfurt.de\/\" target=\"_blank\" rel=\"noopener noreferrer\">Oper Frankfurt<\/a><\/li>\n<li><a href=\"http:\/\/www.salon-babylon.com\/\" target=\"_blank\" rel=\"noopener noreferrer\">Salon Babylon<\/a><\/li>\n<li><a href=\"http:\/\/www.staatstheater-darmstadt.de\/\" target=\"_blank\" rel=\"noopener noreferrer\">Staatstheater Darmstadt<\/a><\/li>\n<li><a href=\"http:\/\/www.staatstheater-mainz.de\/\" target=\"_blank\" rel=\"noopener noreferrer\">Staatstheater Mainz<\/a><\/li>\n<li><a href=\"http:\/\/www.staatstheater-wiesbaden.de\/\" target=\"_blank\" rel=\"noopener noreferrer\">Staatstheater Wiesbaden<\/a><\/li>\n<li><a href=\"http:\/\/www.stadttheater-giessen.de\/\" target=\"_blank\" rel=\"noopener noreferrer\">Stadttheater Giessen<\/a><\/li>\n<li><a href=\"http:\/\/www.stalburg.de\/\" target=\"_blank\" rel=\"noopener noreferrer\">Stalburg Theater<\/a><\/li>\n<li><a href=\"https:\/\/www.of-t-raum.de\/home\/\" target=\"_blank\" rel=\"noopener\">t-raum Offenbach<\/a><\/li>\n<li><a href=\"http:\/\/www.treffpunkt-thatslive.de\/\" target=\"_blank\" rel=\"noopener noreferrer\">Treffpunkt &#8211; That&#8217;s Live!<\/a> (Neu-Isenburg)<\/li>\n<li><a href=\"https:\/\/wiener-hof-offenbach.de\" target=\"_blank\" rel=\"noopener\">Wiener Hof, Restaurant und Saalbau<\/a> (Offenbach-Bieber)<\/li>\n<\/ul>\n","protected":false},"excerpt":{"rendered":"<p>&nbsp; (&#8230; Musik) Alte Oper Archiv Frau und Musik BaroqueLAB Frankfurt Batschkapp Bessunger Knabenschule (Darmstadt) Das Bett Bleichstr. 14 H\u00a0(Offenbach) Bridges Kammerorchester B\u00fcrgerh\u00e4user Dreieich Brotfabrik Centralstation\u00a0(Darmstadt) Clavier am Main Colos-Saal (Aschaffenburg) English Theatre Frankfurt Ensemble <a class=\"more-link\" href=\"https:\/\/www.wolfgang-barina.de\/bdh\/?page_id=455\">weiterlesen&#8230;<\/a><\/p>\n","protected":false},"author":3,"featured_media":0,"parent":509,"menu_order":1,"comment_status":"closed","ping_status":"closed","template":"","meta":{"footnotes":""},"categories":[],"tags":[],"class_list":["post-455","page","type-page","status-publish","hentry"],"aioseo_notices":[],"_links":{"self":[{"href":"https:\/\/www.wolfgang-barina.de\/bdh\/index.php?rest_route=\/wp\/v2\/pages\/455"}],"collection":[{"href":"https:\/\/www.wolfgang-barina.de\/bdh\/index.php?rest_route=\/wp\/v2\/pages"}],"about":[{"href":"https:\/\/www.wolfgang-barina.de\/bdh\/index.php?rest_route=\/wp\/v2\/types\/page"}],"author":[{"embeddable":true,"href":"https:\/\/www.wolfgang-barina.de\/bdh\/index.php?rest_route=\/wp\/v2\/users\/3"}],"replies":[{"embeddable":true,"href":"https:\/\/www.wolfgang-barina.de\/bdh\/index.php?rest_route=%2Fwp%2Fv2%2Fcomments&post=455"}],"version-history":[{"count":15,"href":"https:\/\/www.wolfgang-barina.de\/bdh\/index.php?rest_route=\/wp\/v2\/pages\/455\/revisions"}],"predecessor-version":[{"id":19234,"href":"https:\/\/www.wolfgang-barina.de\/bdh\/index.php?rest_route=\/wp\/v2\/pages\/455\/revisions\/19234"}],"up":[{"embeddable":true,"href":"https:\/\/www.wolfgang-barina.de\/bdh\/index.php?rest_route=\/wp\/v2\/pages\/509"}],"wp:attachment":[{"href":"https:\/\/www.wolfgang-barina.de\/bdh\/index.php?rest_route=%2Fwp%2Fv2%2Fmedia&parent=455"}],"wp:term":[{"taxonomy":"category","embeddable":true,"href":"https:\/\/www.wolfgang-barina.de\/bdh\/index.php?rest_route=%2Fwp%2Fv2%2Fcategories&post=455"},{"taxonomy":"post_tag","embeddable":true,"href":"https:\/\/www.wolfgang-barina.de\/bdh\/index.php?rest_route=%2Fwp%2Fv2%2Ftags&post=455"}],"curies":[{"name":"wp","href":"https:\/\/api.w.org\/{rel}","templated":true}]}}