{"id":19206,"date":"2025-12-06T08:31:27","date_gmt":"2025-12-06T06:31:27","guid":{"rendered":"https:\/\/www.wolfgang-barina.de\/bdh\/?page_id=19206"},"modified":"2025-12-06T08:31:27","modified_gmt":"2025-12-06T06:31:27","slug":"ernst-roetteken-kleine-sonnenblume","status":"publish","type":"page","link":"https:\/\/www.wolfgang-barina.de\/bdh\/?page_id=19206","title":{"rendered":"Ernst R\u00f6tteken: Kleine Sonnenblume"},"content":{"rendered":"<p><strong>ERNST R\u00d6TTIKEN<\/strong><br \/>\n(Detmold 1882 &#8211; 1945<br \/>\nFarblinolschnitt \u201eKleine Sonnenblume\u201c<br \/>\nGr\u00f6\u00dfe der Darstellung ca. 20 x 15,5 cm<\/p>\n<p><em>(Diese Grafik ist verf\u00fcgbar f\u00fcr einen\u00a0<a href=\"https:\/\/www.wolfgang-barina.de\/bdh\/?page_id=17529\">Tausch oder Verkauf<\/a>, bitte\u00a0<a href=\"https:\/\/www.wolfgang-barina.de\/bdh\/?page_id=119\">kontaktieren<\/a>\u00a0Sie mich gerne bei Interesse).<\/em><\/p>\n<p><a href=\"https:\/\/www.wolfgang-barina.de\/wordpress\/wp-content\/uploads\/2025\/12\/Roetteken-Sonnenblume-scaled-e1765002642565.jpg\"><img loading=\"lazy\" decoding=\"async\" class=\"alignnone size-full wp-image-19207\" src=\"https:\/\/www.wolfgang-barina.de\/wordpress\/wp-content\/uploads\/2025\/12\/Roetteken-Sonnenblume-scaled-e1765002642565.jpg\" alt=\"\" width=\"700\" height=\"893\" \/><\/a><\/p>\n","protected":false},"excerpt":{"rendered":"<p>ERNST R\u00d6TTIKEN (Detmold 1882 &#8211; 1945 Farblinolschnitt \u201eKleine Sonnenblume\u201c Gr\u00f6\u00dfe der Darstellung ca. 20 x 15,5 cm (Diese Grafik ist verf\u00fcgbar f\u00fcr einen\u00a0Tausch oder Verkauf, bitte\u00a0kontaktieren\u00a0Sie mich gerne bei Interesse).<\/p>\n","protected":false},"author":3,"featured_media":0,"parent":17529,"menu_order":0,"comment_status":"closed","ping_status":"closed","template":"","meta":{"footnotes":""},"categories":[],"tags":[57,77,78,126],"class_list":["post-19206","page","type-page","status-publish","hentry","tag-farblinolschnitt","tag-tausch","tag-zu-verkaufen","tag-ernst-roetteken"],"aioseo_notices":[],"_links":{"self":[{"href":"https:\/\/www.wolfgang-barina.de\/bdh\/index.php?rest_route=\/wp\/v2\/pages\/19206"}],"collection":[{"href":"https:\/\/www.wolfgang-barina.de\/bdh\/index.php?rest_route=\/wp\/v2\/pages"}],"about":[{"href":"https:\/\/www.wolfgang-barina.de\/bdh\/index.php?rest_route=\/wp\/v2\/types\/page"}],"author":[{"embeddable":true,"href":"https:\/\/www.wolfgang-barina.de\/bdh\/index.php?rest_route=\/wp\/v2\/users\/3"}],"replies":[{"embeddable":true,"href":"https:\/\/www.wolfgang-barina.de\/bdh\/index.php?rest_route=%2Fwp%2Fv2%2Fcomments&post=19206"}],"version-history":[{"count":1,"href":"https:\/\/www.wolfgang-barina.de\/bdh\/index.php?rest_route=\/wp\/v2\/pages\/19206\/revisions"}],"predecessor-version":[{"id":19208,"href":"https:\/\/www.wolfgang-barina.de\/bdh\/index.php?rest_route=\/wp\/v2\/pages\/19206\/revisions\/19208"}],"up":[{"embeddable":true,"href":"https:\/\/www.wolfgang-barina.de\/bdh\/index.php?rest_route=\/wp\/v2\/pages\/17529"}],"wp:attachment":[{"href":"https:\/\/www.wolfgang-barina.de\/bdh\/index.php?rest_route=%2Fwp%2Fv2%2Fmedia&parent=19206"}],"wp:term":[{"taxonomy":"category","embeddable":true,"href":"https:\/\/www.wolfgang-barina.de\/bdh\/index.php?rest_route=%2Fwp%2Fv2%2Fcategories&post=19206"},{"taxonomy":"post_tag","embeddable":true,"href":"https:\/\/www.wolfgang-barina.de\/bdh\/index.php?rest_route=%2Fwp%2Fv2%2Ftags&post=19206"}],"curies":[{"name":"wp","href":"https:\/\/api.w.org\/{rel}","templated":true}]}}