{"id":19202,"date":"2025-12-06T08:26:58","date_gmt":"2025-12-06T06:26:58","guid":{"rendered":"https:\/\/www.wolfgang-barina.de\/bdh\/?page_id=19202"},"modified":"2025-12-06T08:26:58","modified_gmt":"2025-12-06T06:26:58","slug":"marlies-meinshausen-felsing-zweig-mit-gelben-blueten","status":"publish","type":"page","link":"https:\/\/www.wolfgang-barina.de\/bdh\/?page_id=19202","title":{"rendered":"Marlies Meinshausen-Felsing: Zweig mit gelben Bl\u00fcten"},"content":{"rendered":"<p><strong>MARLIES MEINSHAUSEN-FELSING<\/strong><br \/>\n(*1899 &#8211; letzte Erw\u00e4hnung 1978)<br \/>\nFarbholzschnitt \u201eMohnbl\u00fcten und Margeriten\u201c<br \/>\nHandschriftlich bezeichnet \u201eEigenhanddruck\u201c und signiert \u201eMeinshausen-Felsing\u201c,<br \/>\nca. 26 x 10 cm, Druck auf sehr d\u00fcnnem Japanpapier<\/p>\n<p><em>(Diese Grafik ist verf\u00fcgbar f\u00fcr einen\u00a0<a href=\"https:\/\/www.wolfgang-barina.de\/bdh\/?page_id=17529\">Tausch oder Verkauf<\/a>, bitte\u00a0<a href=\"https:\/\/www.wolfgang-barina.de\/bdh\/?page_id=119\">kontaktieren<\/a>\u00a0Sie mich gerne bei Interesse).<\/em><\/p>\n<p><a href=\"https:\/\/www.wolfgang-barina.de\/wordpress\/wp-content\/uploads\/2025\/12\/Meinshausen-Mohn-scaled-e1765002380980.jpg\"><img loading=\"lazy\" decoding=\"async\" class=\"alignnone size-full wp-image-19203\" src=\"https:\/\/www.wolfgang-barina.de\/wordpress\/wp-content\/uploads\/2025\/12\/Meinshausen-Mohn-scaled-e1765002380980.jpg\" alt=\"\" width=\"450\" height=\"1086\" \/><\/a><\/p>\n<p>&nbsp;<\/p>\n","protected":false},"excerpt":{"rendered":"<p>MARLIES MEINSHAUSEN-FELSING (*1899 &#8211; letzte Erw\u00e4hnung 1978) Farbholzschnitt \u201eMohnbl\u00fcten und Margeriten\u201c Handschriftlich bezeichnet \u201eEigenhanddruck\u201c und signiert \u201eMeinshausen-Felsing\u201c, ca. 26 x 10 cm, Druck auf sehr d\u00fcnnem Japanpapier (Diese Grafik ist verf\u00fcgbar f\u00fcr einen\u00a0Tausch oder Verkauf, <a class=\"more-link\" href=\"https:\/\/www.wolfgang-barina.de\/bdh\/?page_id=19202\">weiterlesen&#8230;<\/a><\/p>\n","protected":false},"author":3,"featured_media":0,"parent":17529,"menu_order":0,"comment_status":"closed","ping_status":"closed","template":"","meta":{"footnotes":""},"categories":[],"tags":[37,77,78,125],"class_list":["post-19202","page","type-page","status-publish","hentry","tag-farbholzschnitt","tag-tausch","tag-zu-verkaufen","tag-marlies-meinshausen-felsing"],"aioseo_notices":[],"_links":{"self":[{"href":"https:\/\/www.wolfgang-barina.de\/bdh\/index.php?rest_route=\/wp\/v2\/pages\/19202"}],"collection":[{"href":"https:\/\/www.wolfgang-barina.de\/bdh\/index.php?rest_route=\/wp\/v2\/pages"}],"about":[{"href":"https:\/\/www.wolfgang-barina.de\/bdh\/index.php?rest_route=\/wp\/v2\/types\/page"}],"author":[{"embeddable":true,"href":"https:\/\/www.wolfgang-barina.de\/bdh\/index.php?rest_route=\/wp\/v2\/users\/3"}],"replies":[{"embeddable":true,"href":"https:\/\/www.wolfgang-barina.de\/bdh\/index.php?rest_route=%2Fwp%2Fv2%2Fcomments&post=19202"}],"version-history":[{"count":1,"href":"https:\/\/www.wolfgang-barina.de\/bdh\/index.php?rest_route=\/wp\/v2\/pages\/19202\/revisions"}],"predecessor-version":[{"id":19204,"href":"https:\/\/www.wolfgang-barina.de\/bdh\/index.php?rest_route=\/wp\/v2\/pages\/19202\/revisions\/19204"}],"up":[{"embeddable":true,"href":"https:\/\/www.wolfgang-barina.de\/bdh\/index.php?rest_route=\/wp\/v2\/pages\/17529"}],"wp:attachment":[{"href":"https:\/\/www.wolfgang-barina.de\/bdh\/index.php?rest_route=%2Fwp%2Fv2%2Fmedia&parent=19202"}],"wp:term":[{"taxonomy":"category","embeddable":true,"href":"https:\/\/www.wolfgang-barina.de\/bdh\/index.php?rest_route=%2Fwp%2Fv2%2Fcategories&post=19202"},{"taxonomy":"post_tag","embeddable":true,"href":"https:\/\/www.wolfgang-barina.de\/bdh\/index.php?rest_route=%2Fwp%2Fv2%2Ftags&post=19202"}],"curies":[{"name":"wp","href":"https:\/\/api.w.org\/{rel}","templated":true}]}}