{"id":19140,"date":"2025-12-04T20:29:03","date_gmt":"2025-12-04T18:29:03","guid":{"rendered":"https:\/\/www.wolfgang-barina.de\/bdh\/?page_id=19140"},"modified":"2025-12-06T07:33:25","modified_gmt":"2025-12-06T05:33:25","slug":"hans-richard-von-volkmann-kapelle-im-wald","status":"publish","type":"page","link":"https:\/\/www.wolfgang-barina.de\/bdh\/?page_id=19140","title":{"rendered":"Hans Richard von Volkmann: Kapelle im Wald"},"content":{"rendered":"<p><strong>HANS RICHARD VON VOLKMANN<\/strong><br \/>\nHalle (Saale) 19. Mai 1860 bis 29. April 1927<br \/>\n&#8222;Kapelle im Wald (Kapelle H\u00fclchrath, Eifel)&#8220;<br \/>\nFarblithografie, 19,5 x 23,5<br \/>\nErschienen in PAN. Vierter Jahrgang, Heft 3, 1898<br \/>\n(Urspr\u00fcngliche typografische Signatur von fremder Hand verf\u00e4lschend \u00fcberschrieben).<\/p>\n<p><em>(Diese Grafik ist verf\u00fcgbar f\u00fcr einen\u00a0<a href=\"https:\/\/www.wolfgang-barina.de\/bdh\/?page_id=17529\">Tausch oder Verkauf<\/a>, bitte\u00a0<a href=\"https:\/\/www.wolfgang-barina.de\/bdh\/?page_id=119\">kontaktieren<\/a>\u00a0Sie mich gerne bei Interesse).<\/em><\/p>\n<p><a href=\"https:\/\/www.wolfgang-barina.de\/wordpress\/wp-content\/uploads\/2025\/12\/Volkmann-Litho-Eifelkapelle-web.jpg\"><img loading=\"lazy\" decoding=\"async\" class=\"alignnone size-full wp-image-19141\" src=\"https:\/\/www.wolfgang-barina.de\/wordpress\/wp-content\/uploads\/2025\/12\/Volkmann-Litho-Eifelkapelle-web.jpg\" alt=\"\" width=\"550\" height=\"668\" srcset=\"https:\/\/www.wolfgang-barina.de\/wordpress\/wp-content\/uploads\/2025\/12\/Volkmann-Litho-Eifelkapelle-web.jpg 550w, https:\/\/www.wolfgang-barina.de\/wordpress\/wp-content\/uploads\/2025\/12\/Volkmann-Litho-Eifelkapelle-web-247x300.jpg 247w\" sizes=\"(max-width: 550px) 100vw, 550px\" \/><\/a><\/p>\n","protected":false},"excerpt":{"rendered":"<p>HANS RICHARD VON VOLKMANN Halle (Saale) 19. Mai 1860 bis 29. April 1927 &#8222;Kapelle im Wald (Kapelle H\u00fclchrath, Eifel)&#8220; Farblithografie, 19,5 x 23,5 Erschienen in PAN. Vierter Jahrgang, Heft 3, 1898 (Urspr\u00fcngliche typografische Signatur von <a class=\"more-link\" href=\"https:\/\/www.wolfgang-barina.de\/bdh\/?page_id=19140\">weiterlesen&#8230;<\/a><\/p>\n","protected":false},"author":3,"featured_media":0,"parent":17529,"menu_order":0,"comment_status":"closed","ping_status":"closed","template":"","meta":{"footnotes":""},"categories":[],"tags":[54,77,78,109],"class_list":["post-19140","page","type-page","status-publish","hentry","tag-lithografie","tag-tausch","tag-zu-verkaufen","tag-hans-richard-von-volkmann"],"aioseo_notices":[],"_links":{"self":[{"href":"https:\/\/www.wolfgang-barina.de\/bdh\/index.php?rest_route=\/wp\/v2\/pages\/19140"}],"collection":[{"href":"https:\/\/www.wolfgang-barina.de\/bdh\/index.php?rest_route=\/wp\/v2\/pages"}],"about":[{"href":"https:\/\/www.wolfgang-barina.de\/bdh\/index.php?rest_route=\/wp\/v2\/types\/page"}],"author":[{"embeddable":true,"href":"https:\/\/www.wolfgang-barina.de\/bdh\/index.php?rest_route=\/wp\/v2\/users\/3"}],"replies":[{"embeddable":true,"href":"https:\/\/www.wolfgang-barina.de\/bdh\/index.php?rest_route=%2Fwp%2Fv2%2Fcomments&post=19140"}],"version-history":[{"count":1,"href":"https:\/\/www.wolfgang-barina.de\/bdh\/index.php?rest_route=\/wp\/v2\/pages\/19140\/revisions"}],"predecessor-version":[{"id":19142,"href":"https:\/\/www.wolfgang-barina.de\/bdh\/index.php?rest_route=\/wp\/v2\/pages\/19140\/revisions\/19142"}],"up":[{"embeddable":true,"href":"https:\/\/www.wolfgang-barina.de\/bdh\/index.php?rest_route=\/wp\/v2\/pages\/17529"}],"wp:attachment":[{"href":"https:\/\/www.wolfgang-barina.de\/bdh\/index.php?rest_route=%2Fwp%2Fv2%2Fmedia&parent=19140"}],"wp:term":[{"taxonomy":"category","embeddable":true,"href":"https:\/\/www.wolfgang-barina.de\/bdh\/index.php?rest_route=%2Fwp%2Fv2%2Fcategories&post=19140"},{"taxonomy":"post_tag","embeddable":true,"href":"https:\/\/www.wolfgang-barina.de\/bdh\/index.php?rest_route=%2Fwp%2Fv2%2Ftags&post=19140"}],"curies":[{"name":"wp","href":"https:\/\/api.w.org\/{rel}","templated":true}]}}