{"id":19095,"date":"2025-12-04T19:48:56","date_gmt":"2025-12-04T17:48:56","guid":{"rendered":"https:\/\/www.wolfgang-barina.de\/bdh\/?page_id=19095"},"modified":"2025-12-04T19:49:56","modified_gmt":"2025-12-04T17:49:56","slug":"antonin-dolezal-kostel-sv-bartolomeje-v-plzni","status":"publish","type":"page","link":"https:\/\/www.wolfgang-barina.de\/bdh\/?page_id=19095","title":{"rendered":"Anton\u00edn Dole\u017eal: Kostel sv. Bartolomeje v Plzni"},"content":{"rendered":"<p><strong>Dole\u017eal, Anton\u00edn<\/strong><br \/>\n1900-1968<br \/>\nKostel sv. Bartolomeje v Plzni<br \/>\n(Kathedrale St. Bartholom\u00e4us in Pilsen)<br \/>\nFarbholzschnitt, 6,5 x 10 cm<\/p>\n<p><em>(Diese Grafik ist verf\u00fcgbar f\u00fcr einen\u00a0<a href=\"https:\/\/www.wolfgang-barina.de\/bdh\/?page_id=17529\">Tausch oder Verkauf<\/a>, bitte\u00a0<a href=\"https:\/\/www.wolfgang-barina.de\/bdh\/?page_id=119\">kontaktieren<\/a>\u00a0Sie mich gerne bei Interesse).<\/em><\/p>\n<p><a href=\"https:\/\/www.wolfgang-barina.de\/wordpress\/wp-content\/uploads\/2025\/12\/Dolezal-FHS-Pilsen.jpg\"><img loading=\"lazy\" decoding=\"async\" class=\"alignnone size-full wp-image-19098\" src=\"https:\/\/www.wolfgang-barina.de\/wordpress\/wp-content\/uploads\/2025\/12\/Dolezal-FHS-Pilsen.jpg\" alt=\"\" width=\"500\" height=\"687\" srcset=\"https:\/\/www.wolfgang-barina.de\/wordpress\/wp-content\/uploads\/2025\/12\/Dolezal-FHS-Pilsen.jpg 500w, https:\/\/www.wolfgang-barina.de\/wordpress\/wp-content\/uploads\/2025\/12\/Dolezal-FHS-Pilsen-218x300.jpg 218w\" sizes=\"(max-width: 500px) 100vw, 500px\" \/><\/a><\/p>\n","protected":false},"excerpt":{"rendered":"<p>Dole\u017eal, Anton\u00edn 1900-1968 Kostel sv. Bartolomeje v Plzni (Kathedrale St. Bartholom\u00e4us in Pilsen) Farbholzschnitt, 6,5 x 10 cm (Diese Grafik ist verf\u00fcgbar f\u00fcr einen\u00a0Tausch oder Verkauf, bitte\u00a0kontaktieren\u00a0Sie mich gerne bei Interesse).<\/p>\n","protected":false},"author":3,"featured_media":0,"parent":17529,"menu_order":0,"comment_status":"closed","ping_status":"closed","template":"","meta":{"footnotes":""},"categories":[],"tags":[37,77,78,99],"class_list":["post-19095","page","type-page","status-publish","hentry","tag-farbholzschnitt","tag-tausch","tag-zu-verkaufen","tag-antonin-dolezal"],"aioseo_notices":[],"_links":{"self":[{"href":"https:\/\/www.wolfgang-barina.de\/bdh\/index.php?rest_route=\/wp\/v2\/pages\/19095"}],"collection":[{"href":"https:\/\/www.wolfgang-barina.de\/bdh\/index.php?rest_route=\/wp\/v2\/pages"}],"about":[{"href":"https:\/\/www.wolfgang-barina.de\/bdh\/index.php?rest_route=\/wp\/v2\/types\/page"}],"author":[{"embeddable":true,"href":"https:\/\/www.wolfgang-barina.de\/bdh\/index.php?rest_route=\/wp\/v2\/users\/3"}],"replies":[{"embeddable":true,"href":"https:\/\/www.wolfgang-barina.de\/bdh\/index.php?rest_route=%2Fwp%2Fv2%2Fcomments&post=19095"}],"version-history":[{"count":2,"href":"https:\/\/www.wolfgang-barina.de\/bdh\/index.php?rest_route=\/wp\/v2\/pages\/19095\/revisions"}],"predecessor-version":[{"id":19099,"href":"https:\/\/www.wolfgang-barina.de\/bdh\/index.php?rest_route=\/wp\/v2\/pages\/19095\/revisions\/19099"}],"up":[{"embeddable":true,"href":"https:\/\/www.wolfgang-barina.de\/bdh\/index.php?rest_route=\/wp\/v2\/pages\/17529"}],"wp:attachment":[{"href":"https:\/\/www.wolfgang-barina.de\/bdh\/index.php?rest_route=%2Fwp%2Fv2%2Fmedia&parent=19095"}],"wp:term":[{"taxonomy":"category","embeddable":true,"href":"https:\/\/www.wolfgang-barina.de\/bdh\/index.php?rest_route=%2Fwp%2Fv2%2Fcategories&post=19095"},{"taxonomy":"post_tag","embeddable":true,"href":"https:\/\/www.wolfgang-barina.de\/bdh\/index.php?rest_route=%2Fwp%2Fv2%2Ftags&post=19095"}],"curies":[{"name":"wp","href":"https:\/\/api.w.org\/{rel}","templated":true}]}}