{"id":19036,"date":"2025-12-04T18:31:41","date_gmt":"2025-12-04T16:31:41","guid":{"rendered":"https:\/\/www.wolfgang-barina.de\/bdh\/?page_id=19036"},"modified":"2025-12-04T18:34:44","modified_gmt":"2025-12-04T16:34:44","slug":"koutecky-cesky-krumlov-boehmisch-krumau","status":"publish","type":"page","link":"https:\/\/www.wolfgang-barina.de\/bdh\/?page_id=19036","title":{"rendered":"Kouteck\u00fd: Cesk\u00fd Krumlov\/B\u00f6hmisch-Krumau"},"content":{"rendered":"<p><b>Kouteck\u00fd, Vlastimal<br \/>\n<\/b>(Tschechien)<br \/>\nCesk\u00fd Krumlov\/B\u00f6hmisch-Krumau<br \/>\n\u00d6l auf Holz, ca. 20 x 20 cm<\/p>\n<p><em>(Dieses Gem\u00e4lde ist verf\u00fcgbar f\u00fcr einen <a href=\"https:\/\/www.wolfgang-barina.de\/bdh\/?page_id=17529\">Tausch oder Verkauf<\/a>, bitte\u00a0<a href=\"https:\/\/www.wolfgang-barina.de\/bdh\/?page_id=119\">kontaktieren<\/a>\u00a0Sie mich gerne bei Interesse).<\/em><\/p>\n<p><a href=\"https:\/\/www.wolfgang-barina.de\/wordpress\/wp-content\/uploads\/2025\/12\/koutecky_krumlov.jpg\"><img loading=\"lazy\" decoding=\"async\" class=\"alignnone size-full wp-image-19037\" src=\"https:\/\/www.wolfgang-barina.de\/wordpress\/wp-content\/uploads\/2025\/12\/koutecky_krumlov.jpg\" alt=\"\" width=\"490\" height=\"487\" srcset=\"https:\/\/www.wolfgang-barina.de\/wordpress\/wp-content\/uploads\/2025\/12\/koutecky_krumlov.jpg 490w, https:\/\/www.wolfgang-barina.de\/wordpress\/wp-content\/uploads\/2025\/12\/koutecky_krumlov-300x298.jpg 300w, https:\/\/www.wolfgang-barina.de\/wordpress\/wp-content\/uploads\/2025\/12\/koutecky_krumlov-150x150.jpg 150w, https:\/\/www.wolfgang-barina.de\/wordpress\/wp-content\/uploads\/2025\/12\/koutecky_krumlov-200x200.jpg 200w, https:\/\/www.wolfgang-barina.de\/wordpress\/wp-content\/uploads\/2025\/12\/koutecky_krumlov-100x100.jpg 100w, https:\/\/www.wolfgang-barina.de\/wordpress\/wp-content\/uploads\/2025\/12\/koutecky_krumlov-40x40.jpg 40w\" sizes=\"(max-width: 490px) 100vw, 490px\" \/><\/a><\/p>\n","protected":false},"excerpt":{"rendered":"<p>Kouteck\u00fd, Vlastimal (Tschechien) Cesk\u00fd Krumlov\/B\u00f6hmisch-Krumau \u00d6l auf Holz, ca. 20 x 20 cm (Dieses Gem\u00e4lde ist verf\u00fcgbar f\u00fcr einen Tausch oder Verkauf, bitte\u00a0kontaktieren\u00a0Sie mich gerne bei Interesse).<\/p>\n","protected":false},"author":3,"featured_media":0,"parent":17529,"menu_order":0,"comment_status":"closed","ping_status":"closed","template":"","meta":{"footnotes":""},"categories":[],"tags":[77,78,84,85],"class_list":["post-19036","page","type-page","status-publish","hentry","tag-tausch","tag-zu-verkaufen","tag-vlastimal-koutecky","tag-oelgemaelde"],"aioseo_notices":[],"_links":{"self":[{"href":"https:\/\/www.wolfgang-barina.de\/bdh\/index.php?rest_route=\/wp\/v2\/pages\/19036"}],"collection":[{"href":"https:\/\/www.wolfgang-barina.de\/bdh\/index.php?rest_route=\/wp\/v2\/pages"}],"about":[{"href":"https:\/\/www.wolfgang-barina.de\/bdh\/index.php?rest_route=\/wp\/v2\/types\/page"}],"author":[{"embeddable":true,"href":"https:\/\/www.wolfgang-barina.de\/bdh\/index.php?rest_route=\/wp\/v2\/users\/3"}],"replies":[{"embeddable":true,"href":"https:\/\/www.wolfgang-barina.de\/bdh\/index.php?rest_route=%2Fwp%2Fv2%2Fcomments&post=19036"}],"version-history":[{"count":1,"href":"https:\/\/www.wolfgang-barina.de\/bdh\/index.php?rest_route=\/wp\/v2\/pages\/19036\/revisions"}],"predecessor-version":[{"id":19038,"href":"https:\/\/www.wolfgang-barina.de\/bdh\/index.php?rest_route=\/wp\/v2\/pages\/19036\/revisions\/19038"}],"up":[{"embeddable":true,"href":"https:\/\/www.wolfgang-barina.de\/bdh\/index.php?rest_route=\/wp\/v2\/pages\/17529"}],"wp:attachment":[{"href":"https:\/\/www.wolfgang-barina.de\/bdh\/index.php?rest_route=%2Fwp%2Fv2%2Fmedia&parent=19036"}],"wp:term":[{"taxonomy":"category","embeddable":true,"href":"https:\/\/www.wolfgang-barina.de\/bdh\/index.php?rest_route=%2Fwp%2Fv2%2Fcategories&post=19036"},{"taxonomy":"post_tag","embeddable":true,"href":"https:\/\/www.wolfgang-barina.de\/bdh\/index.php?rest_route=%2Fwp%2Fv2%2Ftags&post=19036"}],"curies":[{"name":"wp","href":"https:\/\/api.w.org\/{rel}","templated":true}]}}