{"id":19014,"date":"2025-12-04T08:18:13","date_gmt":"2025-12-04T06:18:13","guid":{"rendered":"https:\/\/www.wolfgang-barina.de\/bdh\/?page_id=19014"},"modified":"2025-12-04T08:18:13","modified_gmt":"2025-12-04T06:18:13","slug":"w-thom-portrait-eines-baertigen-herren","status":"publish","type":"page","link":"https:\/\/www.wolfgang-barina.de\/bdh\/?page_id=19014","title":{"rendered":"W. Thom: Portrait eines b\u00e4rtigen Herren"},"content":{"rendered":"<p><strong>THOM, W. ???<\/strong><br \/>\nPortrait eines b\u00e4rtigen Herren (1921)<br \/>\nLithografie, ca. 33 x 24 cm<\/p>\n<p><em>(Diese Grafik ist verf\u00fcgbar f\u00fcr einen\u00a0<a href=\"https:\/\/www.wolfgang-barina.de\/bdh\/?page_id=17529\">Tausch oder Verkauf<\/a>, bitte\u00a0<a href=\"https:\/\/www.wolfgang-barina.de\/bdh\/?page_id=119\">kontaktieren<\/a>\u00a0Sie mich gerne bei Interesse).<\/em><\/p>\n<p><a href=\"https:\/\/www.wolfgang-barina.de\/wordpress\/wp-content\/uploads\/2025\/12\/Thom-Lith-web.jpg\"><img loading=\"lazy\" decoding=\"async\" class=\"alignnone size-full wp-image-19015\" src=\"https:\/\/www.wolfgang-barina.de\/wordpress\/wp-content\/uploads\/2025\/12\/Thom-Lith-web.jpg\" alt=\"\" width=\"600\" height=\"805\" srcset=\"https:\/\/www.wolfgang-barina.de\/wordpress\/wp-content\/uploads\/2025\/12\/Thom-Lith-web.jpg 600w, https:\/\/www.wolfgang-barina.de\/wordpress\/wp-content\/uploads\/2025\/12\/Thom-Lith-web-224x300.jpg 224w\" sizes=\"(max-width: 600px) 100vw, 600px\" \/><\/a><\/p>\n","protected":false},"excerpt":{"rendered":"<p>THOM, W. ??? Portrait eines b\u00e4rtigen Herren (1921) Lithografie, ca. 33 x 24 cm (Diese Grafik ist verf\u00fcgbar f\u00fcr einen\u00a0Tausch oder Verkauf, bitte\u00a0kontaktieren\u00a0Sie mich gerne bei Interesse).<\/p>\n","protected":false},"author":3,"featured_media":0,"parent":17529,"menu_order":0,"comment_status":"closed","ping_status":"closed","template":"","meta":{"footnotes":""},"categories":[],"tags":[54,76,77,78],"class_list":["post-19014","page","type-page","status-publish","hentry","tag-lithografie","tag-w-thom","tag-tausch","tag-zu-verkaufen"],"aioseo_notices":[],"_links":{"self":[{"href":"https:\/\/www.wolfgang-barina.de\/bdh\/index.php?rest_route=\/wp\/v2\/pages\/19014"}],"collection":[{"href":"https:\/\/www.wolfgang-barina.de\/bdh\/index.php?rest_route=\/wp\/v2\/pages"}],"about":[{"href":"https:\/\/www.wolfgang-barina.de\/bdh\/index.php?rest_route=\/wp\/v2\/types\/page"}],"author":[{"embeddable":true,"href":"https:\/\/www.wolfgang-barina.de\/bdh\/index.php?rest_route=\/wp\/v2\/users\/3"}],"replies":[{"embeddable":true,"href":"https:\/\/www.wolfgang-barina.de\/bdh\/index.php?rest_route=%2Fwp%2Fv2%2Fcomments&post=19014"}],"version-history":[{"count":1,"href":"https:\/\/www.wolfgang-barina.de\/bdh\/index.php?rest_route=\/wp\/v2\/pages\/19014\/revisions"}],"predecessor-version":[{"id":19016,"href":"https:\/\/www.wolfgang-barina.de\/bdh\/index.php?rest_route=\/wp\/v2\/pages\/19014\/revisions\/19016"}],"up":[{"embeddable":true,"href":"https:\/\/www.wolfgang-barina.de\/bdh\/index.php?rest_route=\/wp\/v2\/pages\/17529"}],"wp:attachment":[{"href":"https:\/\/www.wolfgang-barina.de\/bdh\/index.php?rest_route=%2Fwp%2Fv2%2Fmedia&parent=19014"}],"wp:term":[{"taxonomy":"category","embeddable":true,"href":"https:\/\/www.wolfgang-barina.de\/bdh\/index.php?rest_route=%2Fwp%2Fv2%2Fcategories&post=19014"},{"taxonomy":"post_tag","embeddable":true,"href":"https:\/\/www.wolfgang-barina.de\/bdh\/index.php?rest_route=%2Fwp%2Fv2%2Ftags&post=19014"}],"curies":[{"name":"wp","href":"https:\/\/api.w.org\/{rel}","templated":true}]}}