{"id":18827,"date":"2025-11-27T19:55:17","date_gmt":"2025-11-27T17:55:17","guid":{"rendered":"https:\/\/www.wolfgang-barina.de\/bdh\/?page_id=18827"},"modified":"2025-12-04T19:36:38","modified_gmt":"2025-12-04T17:36:38","slug":"werner-brattig-metamorphosen","status":"publish","type":"page","link":"https:\/\/www.wolfgang-barina.de\/bdh\/?page_id=18827","title":{"rendered":"Werner Brattig: Metamorphosen"},"content":{"rendered":"<p><strong>WERNER BRATTIG<\/strong><br \/>\n(*1932 Solingen)<br \/>\n&#8222;Metamorphosen&#8220;<br \/>\nLimitierte Auflage von 300 Exemplaren.<\/p>\n<p>4 von urspr\u00fcnglich 6 Lithografien\/Pr\u00e4gedrucken in der Originaleinlegemappe:<br \/>\n(1) Hahn-Kopf-Baum<br \/>\n(2) Eulen-Baum-Sonne<br \/>\n(5)Tag-und-Nacht<br \/>\n(6) Fisch-Aug-Apfel<br \/>\nEs fehlen die Bl\u00e4tter 3 und 4 (Libellenilex und Schlehenfliege)<\/p>\n<p style=\"text-align: left;\" align=\"right\">Drucke jeweils 14 x 12 cm, Bogengr\u00f6\u00dfe und Gr\u00f6\u00dfe der Einlegemappe 27 x 21 cm.<\/p>\n<p style=\"text-align: left;\" align=\"right\"><em>(Die Mappe ist verf\u00fcgbar f\u00fcr einen <a href=\"https:\/\/www.wolfgang-barina.de\/bdh\/?page_id=17529\">Tausch oder Verkauf<\/a>, bitte\u00a0<a href=\"https:\/\/www.wolfgang-barina.de\/bdh\/?page_id=119\">kontaktieren<\/a>\u00a0Sie mich gerne bei Interesse).<\/em><\/p>\n<p align=\"right\"><a href=\"https:\/\/www.wolfgang-barina.de\/wordpress\/wp-content\/uploads\/2025\/11\/Brattig-5-WEB.jpg\"><img loading=\"lazy\" decoding=\"async\" class=\"alignleft wp-image-18834\" src=\"https:\/\/www.wolfgang-barina.de\/wordpress\/wp-content\/uploads\/2025\/11\/Brattig-5-WEB.jpg\" alt=\"\" width=\"300\" height=\"390\" srcset=\"https:\/\/www.wolfgang-barina.de\/wordpress\/wp-content\/uploads\/2025\/11\/Brattig-5-WEB.jpg 600w, https:\/\/www.wolfgang-barina.de\/wordpress\/wp-content\/uploads\/2025\/11\/Brattig-5-WEB-231x300.jpg 231w\" sizes=\"(max-width: 300px) 100vw, 300px\" \/><\/a><\/p>\n<p align=\"right\"><a href=\"https:\/\/www.wolfgang-barina.de\/wordpress\/wp-content\/uploads\/2025\/11\/Brattig-1.web_.jpg\"><img loading=\"lazy\" decoding=\"async\" class=\"wp-image-18830 alignleft\" src=\"https:\/\/www.wolfgang-barina.de\/wordpress\/wp-content\/uploads\/2025\/11\/Brattig-1.web_.jpg\" alt=\"\" width=\"300\" height=\"361\" srcset=\"https:\/\/www.wolfgang-barina.de\/wordpress\/wp-content\/uploads\/2025\/11\/Brattig-1.web_.jpg 600w, https:\/\/www.wolfgang-barina.de\/wordpress\/wp-content\/uploads\/2025\/11\/Brattig-1.web_-249x300.jpg 249w\" sizes=\"(max-width: 300px) 100vw, 300px\" \/><\/a><\/p>\n","protected":false},"excerpt":{"rendered":"<p>WERNER BRATTIG (*1932 Solingen) &#8222;Metamorphosen&#8220; Limitierte Auflage von 300 Exemplaren. 4 von urspr\u00fcnglich 6 Lithografien\/Pr\u00e4gedrucken in der Originaleinlegemappe: (1) Hahn-Kopf-Baum (2) Eulen-Baum-Sonne (5)Tag-und-Nacht (6) Fisch-Aug-Apfel Es fehlen die Bl\u00e4tter 3 und 4 (Libellenilex und Schlehenfliege) <a class=\"more-link\" href=\"https:\/\/www.wolfgang-barina.de\/bdh\/?page_id=18827\">weiterlesen&#8230;<\/a><\/p>\n","protected":false},"author":3,"featured_media":0,"parent":17529,"menu_order":0,"comment_status":"closed","ping_status":"closed","template":"","meta":{"footnotes":""},"categories":[],"tags":[54,77,78,98],"class_list":["post-18827","page","type-page","status-publish","hentry","tag-lithografie","tag-tausch","tag-zu-verkaufen","tag-werner-brattig"],"aioseo_notices":[],"_links":{"self":[{"href":"https:\/\/www.wolfgang-barina.de\/bdh\/index.php?rest_route=\/wp\/v2\/pages\/18827"}],"collection":[{"href":"https:\/\/www.wolfgang-barina.de\/bdh\/index.php?rest_route=\/wp\/v2\/pages"}],"about":[{"href":"https:\/\/www.wolfgang-barina.de\/bdh\/index.php?rest_route=\/wp\/v2\/types\/page"}],"author":[{"embeddable":true,"href":"https:\/\/www.wolfgang-barina.de\/bdh\/index.php?rest_route=\/wp\/v2\/users\/3"}],"replies":[{"embeddable":true,"href":"https:\/\/www.wolfgang-barina.de\/bdh\/index.php?rest_route=%2Fwp%2Fv2%2Fcomments&post=18827"}],"version-history":[{"count":4,"href":"https:\/\/www.wolfgang-barina.de\/bdh\/index.php?rest_route=\/wp\/v2\/pages\/18827\/revisions"}],"predecessor-version":[{"id":18837,"href":"https:\/\/www.wolfgang-barina.de\/bdh\/index.php?rest_route=\/wp\/v2\/pages\/18827\/revisions\/18837"}],"up":[{"embeddable":true,"href":"https:\/\/www.wolfgang-barina.de\/bdh\/index.php?rest_route=\/wp\/v2\/pages\/17529"}],"wp:attachment":[{"href":"https:\/\/www.wolfgang-barina.de\/bdh\/index.php?rest_route=%2Fwp%2Fv2%2Fmedia&parent=18827"}],"wp:term":[{"taxonomy":"category","embeddable":true,"href":"https:\/\/www.wolfgang-barina.de\/bdh\/index.php?rest_route=%2Fwp%2Fv2%2Fcategories&post=18827"},{"taxonomy":"post_tag","embeddable":true,"href":"https:\/\/www.wolfgang-barina.de\/bdh\/index.php?rest_route=%2Fwp%2Fv2%2Ftags&post=18827"}],"curies":[{"name":"wp","href":"https:\/\/api.w.org\/{rel}","templated":true}]}}