{"id":18695,"date":"2025-11-01T14:37:34","date_gmt":"2025-11-01T12:37:34","guid":{"rendered":"https:\/\/www.wolfgang-barina.de\/bdh\/?p=18695"},"modified":"2025-12-04T19:27:46","modified_gmt":"2025-12-04T17:27:46","slug":"arthur-rudolph-gigantenkampf","status":"publish","type":"page","link":"https:\/\/www.wolfgang-barina.de\/bdh\/?page_id=18695","title":{"rendered":"Arthur Rudolph: Gigantenkampf"},"content":{"rendered":"<p>Oktober 2025<strong><br \/>\nARTHUR RUDOLPH<\/strong><br \/>\n(Dresden 1885-1959)<br \/>\no.T. (Gigantenkampf?)<br \/>\nRadierung, 29,6 x 40 cm (Plattengr\u00f6\u00dfe)<\/p>\n<p><em>(Diese Grafik ist verf\u00fcgbar f\u00fcr einen\u00a0<a href=\"https:\/\/www.wolfgang-barina.de\/bdh\/?page_id=17529\">Tausch oder Verkauf<\/a>, bitte\u00a0<a href=\"https:\/\/www.wolfgang-barina.de\/bdh\/?page_id=119\">kontaktieren<\/a>\u00a0Sie mich gerne bei Interesse).<\/em><\/p>\n<p><a href=\"https:\/\/www.wolfgang-barina.de\/wordpress\/wp-content\/uploads\/2025\/11\/Rudolph-Rad-Akte-1000.jpg\"><img loading=\"lazy\" decoding=\"async\" class=\"alignnone size-full wp-image-18696\" src=\"https:\/\/www.wolfgang-barina.de\/wordpress\/wp-content\/uploads\/2025\/11\/Rudolph-Rad-Akte-1000.jpg\" alt=\"\" width=\"1000\" height=\"748\" srcset=\"https:\/\/www.wolfgang-barina.de\/wordpress\/wp-content\/uploads\/2025\/11\/Rudolph-Rad-Akte-1000.jpg 1000w, https:\/\/www.wolfgang-barina.de\/wordpress\/wp-content\/uploads\/2025\/11\/Rudolph-Rad-Akte-1000-300x224.jpg 300w, https:\/\/www.wolfgang-barina.de\/wordpress\/wp-content\/uploads\/2025\/11\/Rudolph-Rad-Akte-1000-768x574.jpg 768w\" sizes=\"(max-width: 1000px) 100vw, 1000px\" \/><\/a><\/p>\n","protected":false},"excerpt":{"rendered":"<p>Oktober 2025 ARTHUR RUDOLPH (Dresden 1885-1959) o.T. (Gigantenkampf?) Radierung, 29,6 x 40 cm (Plattengr\u00f6\u00dfe) (Diese Grafik ist verf\u00fcgbar f\u00fcr einen\u00a0Tausch oder Verkauf, bitte\u00a0kontaktieren\u00a0Sie mich gerne bei Interesse).<\/p>\n","protected":false},"author":3,"featured_media":0,"parent":17529,"menu_order":0,"comment_status":"closed","ping_status":"closed","template":"","meta":{"footnotes":""},"categories":[23],"tags":[77,78,61,62],"class_list":["post-18695","page","type-page","status-publish","hentry","category-vorgestellt","tag-tausch","tag-zu-verkaufen","tag-arthur-rudolph","tag-radierung"],"aioseo_notices":[],"_links":{"self":[{"href":"https:\/\/www.wolfgang-barina.de\/bdh\/index.php?rest_route=\/wp\/v2\/pages\/18695"}],"collection":[{"href":"https:\/\/www.wolfgang-barina.de\/bdh\/index.php?rest_route=\/wp\/v2\/pages"}],"about":[{"href":"https:\/\/www.wolfgang-barina.de\/bdh\/index.php?rest_route=\/wp\/v2\/types\/page"}],"author":[{"embeddable":true,"href":"https:\/\/www.wolfgang-barina.de\/bdh\/index.php?rest_route=\/wp\/v2\/users\/3"}],"replies":[{"embeddable":true,"href":"https:\/\/www.wolfgang-barina.de\/bdh\/index.php?rest_route=%2Fwp%2Fv2%2Fcomments&post=18695"}],"version-history":[{"count":3,"href":"https:\/\/www.wolfgang-barina.de\/bdh\/index.php?rest_route=\/wp\/v2\/pages\/18695\/revisions"}],"predecessor-version":[{"id":18699,"href":"https:\/\/www.wolfgang-barina.de\/bdh\/index.php?rest_route=\/wp\/v2\/pages\/18695\/revisions\/18699"}],"up":[{"embeddable":true,"href":"https:\/\/www.wolfgang-barina.de\/bdh\/index.php?rest_route=\/wp\/v2\/pages\/17529"}],"wp:attachment":[{"href":"https:\/\/www.wolfgang-barina.de\/bdh\/index.php?rest_route=%2Fwp%2Fv2%2Fmedia&parent=18695"}],"wp:term":[{"taxonomy":"category","embeddable":true,"href":"https:\/\/www.wolfgang-barina.de\/bdh\/index.php?rest_route=%2Fwp%2Fv2%2Fcategories&post=18695"},{"taxonomy":"post_tag","embeddable":true,"href":"https:\/\/www.wolfgang-barina.de\/bdh\/index.php?rest_route=%2Fwp%2Fv2%2Ftags&post=18695"}],"curies":[{"name":"wp","href":"https:\/\/api.w.org\/{rel}","templated":true}]}}