{"id":18035,"date":"2017-06-19T07:43:35","date_gmt":"2017-06-19T05:43:35","guid":{"rendered":"https:\/\/www.wolfgang-barina.de\/bdh\/?p=18035"},"modified":"2025-12-06T07:57:12","modified_gmt":"2025-12-06T05:57:12","slug":"otto-eckmann-marienkirche-luebeck","status":"publish","type":"page","link":"https:\/\/www.wolfgang-barina.de\/bdh\/?page_id=18035","title":{"rendered":"Otto Eckmann: Marienkirche L\u00fcbeck"},"content":{"rendered":"<p><strong>OTTO ECKMANN<\/strong><br \/>\n1865 Hamburg &#8211; Badenweiler 1902<br \/>\n&#8222;Marienkirche L\u00fcbeck&#8220; (um 1898)<br \/>\nTuschezeichnung mit wei\u00dfen H\u00f6hungen\/Korrekturen,\u00a0ca. 10 x 32,5 cm<br \/>\n(Originalvorlage zu einer Illustration in &#8222;Die Jugend&#8220;, Ausgabe 4\/1898)<\/p>\n<p><em>(Diese Grafik steht f\u00fcr einen\u00a0<a href=\"https:\/\/www.wolfgang-barina.de\/bdh\/?page_id=17529\">Tausch oder Verkauf<\/a>\u00a0zur Verf\u00fcgung, bitte\u00a0<a href=\"https:\/\/www.wolfgang-barina.de\/bdh\/?page_id=119\">kontaktieren<\/a>\u00a0Sie mich gerne bei Interesse).<\/em><\/p>\n<p><a href=\"https:\/\/www.wolfgang-barina.de\/wordpress\/wp-content\/uploads\/2025\/06\/Eckmann-Luebeck-300.jpg\"><img loading=\"lazy\" decoding=\"async\" class=\"alignleft size-full wp-image-18036\" src=\"https:\/\/www.wolfgang-barina.de\/wordpress\/wp-content\/uploads\/2025\/06\/Eckmann-Luebeck-300.jpg\" alt=\"\" width=\"300\" height=\"909\" srcset=\"https:\/\/www.wolfgang-barina.de\/wordpress\/wp-content\/uploads\/2025\/06\/Eckmann-Luebeck-300.jpg 300w, https:\/\/www.wolfgang-barina.de\/wordpress\/wp-content\/uploads\/2025\/06\/Eckmann-Luebeck-300-99x300.jpg 99w\" sizes=\"(max-width: 300px) 100vw, 300px\" \/><\/a><\/p>\n","protected":false},"excerpt":{"rendered":"<p>OTTO ECKMANN 1865 Hamburg &#8211; Badenweiler 1902 &#8222;Marienkirche L\u00fcbeck&#8220; (um 1898) Tuschezeichnung mit wei\u00dfen H\u00f6hungen\/Korrekturen,\u00a0ca. 10 x 32,5 cm (Originalvorlage zu einer Illustration in &#8222;Die Jugend&#8220;, Ausgabe 4\/1898) (Diese Grafik steht f\u00fcr einen\u00a0Tausch oder Verkauf\u00a0zur <a class=\"more-link\" href=\"https:\/\/www.wolfgang-barina.de\/bdh\/?page_id=18035\">weiterlesen&#8230;<\/a><\/p>\n","protected":false},"author":3,"featured_media":0,"parent":17529,"menu_order":0,"comment_status":"closed","ping_status":"open","template":"","meta":{"footnotes":""},"categories":[23],"tags":[77,78,94,121],"class_list":["post-18035","page","type-page","status-publish","hentry","category-vorgestellt","tag-tausch","tag-zu-verkaufen","tag-tuschezeichnung","tag-otto-eckmann"],"aioseo_notices":[],"_links":{"self":[{"href":"https:\/\/www.wolfgang-barina.de\/bdh\/index.php?rest_route=\/wp\/v2\/pages\/18035"}],"collection":[{"href":"https:\/\/www.wolfgang-barina.de\/bdh\/index.php?rest_route=\/wp\/v2\/pages"}],"about":[{"href":"https:\/\/www.wolfgang-barina.de\/bdh\/index.php?rest_route=\/wp\/v2\/types\/page"}],"author":[{"embeddable":true,"href":"https:\/\/www.wolfgang-barina.de\/bdh\/index.php?rest_route=\/wp\/v2\/users\/3"}],"replies":[{"embeddable":true,"href":"https:\/\/www.wolfgang-barina.de\/bdh\/index.php?rest_route=%2Fwp%2Fv2%2Fcomments&post=18035"}],"version-history":[{"count":3,"href":"https:\/\/www.wolfgang-barina.de\/bdh\/index.php?rest_route=\/wp\/v2\/pages\/18035\/revisions"}],"predecessor-version":[{"id":19188,"href":"https:\/\/www.wolfgang-barina.de\/bdh\/index.php?rest_route=\/wp\/v2\/pages\/18035\/revisions\/19188"}],"up":[{"embeddable":true,"href":"https:\/\/www.wolfgang-barina.de\/bdh\/index.php?rest_route=\/wp\/v2\/pages\/17529"}],"wp:attachment":[{"href":"https:\/\/www.wolfgang-barina.de\/bdh\/index.php?rest_route=%2Fwp%2Fv2%2Fmedia&parent=18035"}],"wp:term":[{"taxonomy":"category","embeddable":true,"href":"https:\/\/www.wolfgang-barina.de\/bdh\/index.php?rest_route=%2Fwp%2Fv2%2Fcategories&post=18035"},{"taxonomy":"post_tag","embeddable":true,"href":"https:\/\/www.wolfgang-barina.de\/bdh\/index.php?rest_route=%2Fwp%2Fv2%2Ftags&post=18035"}],"curies":[{"name":"wp","href":"https:\/\/api.w.org\/{rel}","templated":true}]}}