{"id":17488,"date":"2025-03-25T11:07:14","date_gmt":"2025-03-25T09:07:14","guid":{"rendered":"https:\/\/www.wolfgang-barina.de\/bdh\/?page_id=17488"},"modified":"2025-11-27T13:21:02","modified_gmt":"2025-11-27T11:21:02","slug":"kunst","status":"publish","type":"page","link":"https:\/\/www.wolfgang-barina.de\/bdh\/?page_id=17488","title":{"rendered":"Kunst"},"content":{"rendered":"<h4><strong><a href=\"https:\/\/www.wolfgang-barina.de\/bdh\/?p=17167\"><img loading=\"lazy\" decoding=\"async\" class=\"alignright wp-image-17175\" title=\"Wolfgang Barina: &quot;Auf den Punkt gebracht&quot;, Farbholzschnitt (2024)\" src=\"https:\/\/www.wolfgang-barina.de\/wordpress\/wp-content\/uploads\/2024\/12\/054-WB-FHS-2024-Auf-den-Punkt-700-392x1024.jpg\" alt=\"\" width=\"180\" height=\"470\" srcset=\"https:\/\/www.wolfgang-barina.de\/wordpress\/wp-content\/uploads\/2024\/12\/054-WB-FHS-2024-Auf-den-Punkt-700-392x1024.jpg 392w, https:\/\/www.wolfgang-barina.de\/wordpress\/wp-content\/uploads\/2024\/12\/054-WB-FHS-2024-Auf-den-Punkt-700-115x300.jpg 115w, https:\/\/www.wolfgang-barina.de\/wordpress\/wp-content\/uploads\/2024\/12\/054-WB-FHS-2024-Auf-den-Punkt-700-768x2006.jpg 768w, https:\/\/www.wolfgang-barina.de\/wordpress\/wp-content\/uploads\/2024\/12\/054-WB-FHS-2024-Auf-den-Punkt-700-588x1536.jpg 588w, https:\/\/www.wolfgang-barina.de\/wordpress\/wp-content\/uploads\/2024\/12\/054-WB-FHS-2024-Auf-den-Punkt-700-784x2048.jpg 784w, https:\/\/www.wolfgang-barina.de\/wordpress\/wp-content\/uploads\/2024\/12\/054-WB-FHS-2024-Auf-den-Punkt-700-scaled.jpg 980w\" sizes=\"(max-width: 180px) 100vw, 180px\" \/><\/a>Portalseite KUNST von Wolfgang Barina<\/strong><\/h4>\n<p>Derzeit l\u00f6se ich Schritt f\u00fcr Schritt meinen bisherigen Internetauftritt unter <strong><a href=\"https:\/\/www.wolfgang-barina.de\" target=\"_blank\" rel=\"noopener\">https:\/\/www.wolfgang-barina.de<\/a><\/strong> ab.<\/p>\n<ul>\n<li>\u00dcbergangsweise findet sich der gr\u00f6\u00dfte Teil der Dokumentation meiner Kunstsammlung weiterhin auf <a href=\"https:\/\/www.wolfgang-barina.de\/kunst\/\" target=\"_blank\" rel=\"noopener\"><strong>https:\/\/www.wolfgang-barina.de\/kunst<\/strong>\/.<\/a><\/li>\n<li>Seit Anfang 2025 werden Neuerwerbungen bereits hier vorgestellt: <strong><a href=\"https:\/\/www.wolfgang-barina.de\/bdh\/?cat=23\">Neuerwerbungen Sammlung Barina.<\/a><\/strong><\/li>\n<li>Die Seite mit Tausch- und Verkaufsangeboten findet sich jetzt auf <a href=\"https:\/\/www.wolfgang-barina.de\/bdh\/?page_id=17529\" target=\"_blank\" rel=\"noopener\"><strong>Tauschen-Kaufen<\/strong><\/a>.<br \/>\nMeine\u00a0 bei ebay unter Verk\u00e4ufernamen &#8222;wolfgang-barina&#8220; eingestellten Angebote finden sich unter <strong><a href=\"https:\/\/www.ebay.de\/sch\/i.html?_fss=1&amp;_saslop=1&amp;_sasl=wolfgang-barina&amp;LH_SpecificSeller=1\" target=\"_blank\" rel=\"noopener\">https:\/\/www.ebay.de\/&#8230;.wolfgang-barina&#8230;<\/a><\/strong><\/li>\n<li>Meine eigenen Farbholzschnitte zeige ich unter <strong><a href=\"https:\/\/www.wolfgang-barina.de\/bdh\/?cat=24\">Eigene Farbholzschnitte.<\/a><\/strong><\/li>\n<li>Die leider nur sehr gelegentlich fortgesetzten kurzen Episoden aus dem Leben eines Kunstsammlers finden sich unter <strong><a href=\"https:\/\/www.wolfgang-barina.de\/bdh\/?cat=26\">Kunstsammlerschoten.<\/a><\/strong><\/li>\n<\/ul>\n<p>M\u00e4rz 2025<\/p>\n","protected":false},"excerpt":{"rendered":"<p>Portalseite KUNST von Wolfgang Barina Derzeit l\u00f6se ich Schritt f\u00fcr Schritt meinen bisherigen Internetauftritt unter https:\/\/www.wolfgang-barina.de ab. \u00dcbergangsweise findet sich der gr\u00f6\u00dfte Teil der Dokumentation meiner Kunstsammlung weiterhin auf https:\/\/www.wolfgang-barina.de\/kunst\/. Seit Anfang 2025 werden Neuerwerbungen <a class=\"more-link\" href=\"https:\/\/www.wolfgang-barina.de\/bdh\/?page_id=17488\">weiterlesen&#8230;<\/a><\/p>\n","protected":false},"author":3,"featured_media":0,"parent":0,"menu_order":4,"comment_status":"closed","ping_status":"closed","template":"","meta":{"footnotes":""},"categories":[],"tags":[],"class_list":["post-17488","page","type-page","status-publish","hentry"],"aioseo_notices":[],"_links":{"self":[{"href":"https:\/\/www.wolfgang-barina.de\/bdh\/index.php?rest_route=\/wp\/v2\/pages\/17488"}],"collection":[{"href":"https:\/\/www.wolfgang-barina.de\/bdh\/index.php?rest_route=\/wp\/v2\/pages"}],"about":[{"href":"https:\/\/www.wolfgang-barina.de\/bdh\/index.php?rest_route=\/wp\/v2\/types\/page"}],"author":[{"embeddable":true,"href":"https:\/\/www.wolfgang-barina.de\/bdh\/index.php?rest_route=\/wp\/v2\/users\/3"}],"replies":[{"embeddable":true,"href":"https:\/\/www.wolfgang-barina.de\/bdh\/index.php?rest_route=%2Fwp%2Fv2%2Fcomments&post=17488"}],"version-history":[{"count":26,"href":"https:\/\/www.wolfgang-barina.de\/bdh\/index.php?rest_route=\/wp\/v2\/pages\/17488\/revisions"}],"predecessor-version":[{"id":18806,"href":"https:\/\/www.wolfgang-barina.de\/bdh\/index.php?rest_route=\/wp\/v2\/pages\/17488\/revisions\/18806"}],"wp:attachment":[{"href":"https:\/\/www.wolfgang-barina.de\/bdh\/index.php?rest_route=%2Fwp%2Fv2%2Fmedia&parent=17488"}],"wp:term":[{"taxonomy":"category","embeddable":true,"href":"https:\/\/www.wolfgang-barina.de\/bdh\/index.php?rest_route=%2Fwp%2Fv2%2Fcategories&post=17488"},{"taxonomy":"post_tag","embeddable":true,"href":"https:\/\/www.wolfgang-barina.de\/bdh\/index.php?rest_route=%2Fwp%2Fv2%2Ftags&post=17488"}],"curies":[{"name":"wp","href":"https:\/\/api.w.org\/{rel}","templated":true}]}}