{"id":59,"date":"2010-12-04T13:01:40","date_gmt":"2010-12-04T13:01:40","guid":{"rendered":"http:\/\/www.wolfgang-barina.de\/donnerstach\/?page_id=59"},"modified":"2024-10-15T03:36:04","modified_gmt":"2024-10-15T03:36:04","slug":"das-team","status":"publish","type":"page","link":"http:\/\/www.wolfgang-barina.de\/donnerstach\/?page_id=59","title":{"rendered":"Wer hier blockt"},"content":{"rendered":"<ul>\n<li><strong>borgis nombrell, <\/strong>meist sp\u00e4t an den Gr\u00e4ten, sagenumwobener Farbtupfer\u00a0und -zeiler, nimmerm\u00fcder Besenschwinger\u00a0\u00a0par Ekzellenz und\u00a0H\u00fcter der Beitr\u00e4ge der Kategorie &#8222;<a>koch-ende-hessen&#8220; <\/a>und anderer \u00dcberraschungen;<\/li>\n<li><strong>defnull<\/strong>, der Mann aus dem S\u00fcden, halbdoppelkatzig, echthaarig;<\/li>\n<li><strong>webmaster w wunderholz<\/strong>,\u00a0Herr der templates, widgets, themes und font-families,\u00a0Bestimmer des Fotos auf der Homepage, Leger aller Links, F\u00fctterer der Feeds und \u00fcberhaupt an den WordPress-Strippen und Kabeln.<\/li>\n<\/ul>\n<p><strong>Redaktionssitzung: <\/strong>\u00f6ffentlich an wechselnden Schaupl\u00e4tzen und nat\u00fcrlich immer Donnerstachs!<\/p>\n","protected":false},"excerpt":{"rendered":"<p>borgis nombrell, meist sp\u00e4t an den Gr\u00e4ten, sagenumwobener Farbtupfer\u00a0und -zeiler, nimmerm\u00fcder Besenschwinger\u00a0\u00a0par Ekzellenz und\u00a0H\u00fcter der Beitr\u00e4ge der Kategorie &#8222;koch-ende-hessen&#8220; und anderer \u00dcberraschungen; defnull, der Mann aus dem S\u00fcden, halbdoppelkatzig, echthaarig; webmaster w wunderholz,\u00a0Herr der templates, widgets, themes und font-families,\u00a0Bestimmer des Fotos auf der Homepage, Leger aller Links, F\u00fctterer der Feeds und \u00fcberhaupt an den WordPress-Strippen <a class=\"more-link\" href=\"http:\/\/www.wolfgang-barina.de\/donnerstach\/?page_id=59\">weiterlesen&#8230;<\/a><\/p>\n","protected":false},"author":7,"featured_media":0,"parent":0,"menu_order":1,"comment_status":"closed","ping_status":"closed","template":"","meta":{"footnotes":""},"_links":{"self":[{"href":"http:\/\/www.wolfgang-barina.de\/donnerstach\/index.php?rest_route=\/wp\/v2\/pages\/59"}],"collection":[{"href":"http:\/\/www.wolfgang-barina.de\/donnerstach\/index.php?rest_route=\/wp\/v2\/pages"}],"about":[{"href":"http:\/\/www.wolfgang-barina.de\/donnerstach\/index.php?rest_route=\/wp\/v2\/types\/page"}],"author":[{"embeddable":true,"href":"http:\/\/www.wolfgang-barina.de\/donnerstach\/index.php?rest_route=\/wp\/v2\/users\/7"}],"replies":[{"embeddable":true,"href":"http:\/\/www.wolfgang-barina.de\/donnerstach\/index.php?rest_route=%2Fwp%2Fv2%2Fcomments&post=59"}],"version-history":[{"count":1,"href":"http:\/\/www.wolfgang-barina.de\/donnerstach\/index.php?rest_route=\/wp\/v2\/pages\/59\/revisions"}],"predecessor-version":[{"id":1313,"href":"http:\/\/www.wolfgang-barina.de\/donnerstach\/index.php?rest_route=\/wp\/v2\/pages\/59\/revisions\/1313"}],"wp:attachment":[{"href":"http:\/\/www.wolfgang-barina.de\/donnerstach\/index.php?rest_route=%2Fwp%2Fv2%2Fmedia&parent=59"}],"curies":[{"name":"wp","href":"https:\/\/api.w.org\/{rel}","templated":true}]}}